{"id":183,"date":"2021-05-27T13:53:30","date_gmt":"2021-05-27T10:53:30","guid":{"rendered":"http:\/\/lamiset.com\/index.php\/kristal-mese\/"},"modified":"2021-05-27T13:53:59","modified_gmt":"2021-05-27T10:53:59","slug":"kristal-mese","status":"publish","type":"page","link":"http:\/\/lamiset.com\/index.php\/kristal-mese\/","title":{"rendered":"KR\u0130STAL ME\u015eE"},"content":{"rendered":"<div class=\"\" style=\"\" >\n  \n    <section class=\"u-carousel u-slide u-valign-middle u-block-0b5b-1\" id=\"carousel_e88f\" data-interval=\"5000\" data-u-ride=\"carousel\">\n      <ol class=\"u-absolute-hcenter u-carousel-indicators u-block-0b5b-2\">\n        <li data-u-target=\"#carousel_e88f\" data-u-slide-to=\"0\" class=\"u-active u-grey-30\"><\/li>\n      <\/ol>\n      <div class=\"u-carousel-inner\" role=\"listbox\">\n        <div class=\"u-active u-align-center u-carousel-item u-clearfix u-palette-3-dark-3 u-section-1-1\">\n          <div class=\"u-clearfix u-layout-wrap u-layout-wrap-1\">\n            <div class=\"u-gutter-0 u-layout\">\n              <div class=\"u-layout-row\">\n                <div class=\"u-size-26\">\n                  <div class=\"u-layout-col\">\n                    <div class=\"u-container-style u-layout-cell u-left-cell u-size-60 u-layout-cell-1\">\n                      <div class=\"u-container-layout u-valign-top-md u-valign-top-sm u-valign-top-xs u-container-layout-1\">\n                        <img decoding=\"async\" class=\"u-image u-image-1\" src=\"http:\/\/lamiset.com\/wp-content\/uploads\/2021\/05\/kristalmele1.png\" data-image-width=\"181\" data-image-height=\"1600\">\n                      <\/div>\n                    <\/div>\n                  <\/div>\n                <\/div>\n                <div class=\"u-size-34\">\n                  <div class=\"u-layout-row\">\n                    <div class=\"u-container-style u-layout-cell u-right-cell u-size-60 u-layout-cell-2\">\n                      <div class=\"u-container-layout u-container-layout-2\">\n                        <h2 class=\"u-text u-text-custom-color-27 u-text-1\">KR\u0130STAL ME\u015eE<\/h2>\n                        <p class=\"u-text u-text-2\"><b>Me\u015fe<\/b>&nbsp;a\u011fac\u0131 meyvesi, tohumu, kabu\u011fu, odunu ve yapra\u011f\u0131 ile her derde deva olan ve kullan\u0131m alan\u0131 olduk\u00e7a geni\u015f olan bir a\u011fa\u00e7 t\u00fcr\u00fcd\u00fcr.&nbsp;<b>Me\u015fe<\/b>&nbsp;a\u011fa\u00e7lar\u0131 ve meyvesi olan palamut \u00e7ok sevilen bir a\u011fa\u00e7t\u0131r \u00f6zellikle meyvesi sincaplar taraf\u0131ndan sevilir.\n                        <\/p>\n                        <img decoding=\"async\" class=\"u-image u-image-2\" src=\"http:\/\/lamiset.com\/wp-content\/uploads\/2021\/05\/kristalmele1.png\" data-image-width=\"181\" data-image-height=\"1600\">\n                        <img decoding=\"async\" class=\"u-image u-image-3\" src=\"http:\/\/lamiset.com\/wp-content\/uploads\/2021\/05\/40a7d0194cd7c578b765a29bd908600d1c19755fea5614f09df6eb0b1b9eab7402a0b8ed9024e803019da56705924f14b1f0708e31cdb83b9898cd_1280.jpg\" data-image-width=\"1280\" data-image-height=\"854\">\n                        <img decoding=\"async\" class=\"u-border-12 u-border-custom-color-27 u-image u-image-4\" src=\"http:\/\/lamiset.com\/wp-content\/uploads\/2021\/05\/a395decc85025e419d62b1292beb19ad59197672a4b5e24ec120aea3a45c8471324a5f31e297e10426277dd6a386571758b2ef97cc4408ed2cbd1b_1280.jpg\" data-image-width=\"1280\" data-image-height=\"875\">\n                      <\/div>\n                    <\/div>\n                  <\/div>\n                <\/div>\n              <\/div>\n            <\/div>\n          <\/div>\n          <img decoding=\"async\" class=\"u-image u-image-5\" src=\"http:\/\/lamiset.com\/wp-content\/uploads\/2021\/05\/kristalmele1.png\" data-image-width=\"181\" data-image-height=\"1600\">\n        <\/div>\n      <\/div>\n      <a class=\"u-absolute-vcenter u-carousel-control u-carousel-control-prev u-text-grey-30 u-block-0b5b-3\" href=\"#carousel_e88f\" role=\"button\" data-u-slide=\"prev\">\n        <span aria-hidden=\"true\">\n          <svg viewBox=\"0 0 477.175 477.175\"><path d=\"M145.188,238.575l215.5-215.5c5.3-5.3,5.3-13.8,0-19.1s-13.8-5.3-19.1,0l-225.1,225.1c-5.3,5.3-5.3,13.8,0,19.1l225.1,225\n                    c2.6,2.6,6.1,4,9.5,4s6.9-1.3,9.5-4c5.3-5.3,5.3-13.8,0-19.1L145.188,238.575z\"><\/path><\/svg>\n        <\/span>\n        <span class=\"sr-only\">Previous<\/span>\n      <\/a>\n      <a class=\"u-absolute-vcenter u-carousel-control u-carousel-control-next u-text-grey-30 u-block-0b5b-4\" href=\"#carousel_e88f\" role=\"button\" data-u-slide=\"next\">\n        <span aria-hidden=\"true\">\n          <svg viewBox=\"0 0 477.175 477.175\"><path d=\"M360.731,229.075l-225.1-225.1c-5.3-5.3-13.8-5.3-19.1,0s-5.3,13.8,0,19.1l215.5,215.5l-215.5,215.5\n                    c-5.3,5.3-5.3,13.8,0,19.1c2.6,2.6,6.1,4,9.5,4c3.4,0,6.9-1.3,9.5-4l225.1-225.1C365.931,242.875,365.931,234.275,360.731,229.075z\"><\/path><\/svg>\n        <\/span>\n        <span class=\"sr-only\">Next<\/span>\n      <\/a>\n    <\/section>\n    \n    \n    \n    \n    \n  \n<\/div>","protected":false},"excerpt":{"rendered":"<p>KR\u0130STAL ME\u015eE Me\u015fe&nbsp;a\u011fac\u0131 meyvesi, tohumu, kabu\u011fu, odunu ve yapra\u011f\u0131 ile her derde deva olan ve kullan\u0131m alan\u0131 olduk\u00e7a geni\u015f olan bir a\u011fa\u00e7 t\u00fcr\u00fcd\u00fcr.&nbsp;Me\u015fe&nbsp;a\u011fa\u00e7lar\u0131 ve meyvesi olan palamut \u00e7ok sevilen bir a\u011fa\u00e7t\u0131r \u00f6zellikle meyvesi sincaplar taraf\u0131ndan sevilir. Previous Next<\/p>\n","protected":false},"author":1,"featured_media":0,"parent":0,"menu_order":2,"comment_status":"closed","ping_status":"closed","template":"","meta":{"footnotes":""},"class_list":["post-183","page","type-page","status-publish","hentry","entry"],"_links":{"self":[{"href":"http:\/\/lamiset.com\/index.php\/wp-json\/wp\/v2\/pages\/183","targetHints":{"allow":["GET"]}}],"collection":[{"href":"http:\/\/lamiset.com\/index.php\/wp-json\/wp\/v2\/pages"}],"about":[{"href":"http:\/\/lamiset.com\/index.php\/wp-json\/wp\/v2\/types\/page"}],"author":[{"embeddable":true,"href":"http:\/\/lamiset.com\/index.php\/wp-json\/wp\/v2\/users\/1"}],"replies":[{"embeddable":true,"href":"http:\/\/lamiset.com\/index.php\/wp-json\/wp\/v2\/comments?post=183"}],"version-history":[{"count":1,"href":"http:\/\/lamiset.com\/index.php\/wp-json\/wp\/v2\/pages\/183\/revisions"}],"predecessor-version":[{"id":219,"href":"http:\/\/lamiset.com\/index.php\/wp-json\/wp\/v2\/pages\/183\/revisions\/219"}],"wp:attachment":[{"href":"http:\/\/lamiset.com\/index.php\/wp-json\/wp\/v2\/media?parent=183"}],"curies":[{"name":"wp","href":"https:\/\/api.w.org\/{rel}","templated":true}]}}