{"id":192,"date":"2021-05-27T13:53:39","date_gmt":"2021-05-27T10:53:39","guid":{"rendered":"http:\/\/lamiset.com\/index.php\/aksesuar\/"},"modified":"2021-05-27T13:53:59","modified_gmt":"2021-05-27T10:53:59","slug":"aksesuar","status":"publish","type":"page","link":"http:\/\/lamiset.com\/index.php\/aksesuar\/","title":{"rendered":"AKSESUAR"},"content":{"rendered":"<div class=\"\" style=\"\" >\n  \n    <section class=\"u-align-center u-clearfix u-gradient u-section-1\" id=\"carousel_bdf8\">\n      <div class=\"u-clearfix u-sheet u-sheet-1\">\n        <div class=\"u-list u-repeater u-list-1\">\n          <div class=\"u-container-style u-effect-hover-zoom u-list-item u-opacity u-opacity-75 u-repeater-item u-shading u-list-item-1\" data-image-width=\"1280\" data-image-height=\"720\">\n            <div class=\"u-background-effect u-expanded\">\n              <div class=\"u-background-effect-image u-expanded u-image u-shading u-image-1\" data-image-width=\"1280\" data-image-height=\"720\"><\/div>\n            <\/div>\n            <div class=\"u-container-layout u-similar-container u-valign-bottom u-container-layout-1\">\n              <div class=\"u-container-style u-group u-group-1\">\n                <div class=\"u-container-layout u-container-layout-2\">\n                  <h4 class=\"u-text u-text-1\" data-animation-name=\"slideIn\" data-animation-duration=\"1000\" data-animation-delay=\"0\" data-animation-direction=\"Down\">S\u00dcP\u00dcRGEL\u0130K<\/h4>\n                  <p class=\"u-text u-text-2\" data-animation-name=\"zoomIn\" data-animation-duration=\"1000\" data-animation-delay=\"0\" data-animation-direction=\"\">Lamisetin \u00f6zg\u00fcrce tasarlanan s\u00fcp\u00fcreliklerini g\u00f6rd\u00fcn\u00fcz m\u00fc?<\/p><span class=\"u-icon u-icon-circle u-text-palette-3-base u-icon-1\" data-animation-name=\"bounceIn\" data-animation-duration=\"1000\" data-animation-delay=\"0\" data-animation-direction=\"\" data-href=\"http:\/\/lamiset.com\/index.php\/supurgelikler\/\"><svg class=\"u-svg-link\" preserveAspectRatio=\"xMidYMin slice\" viewBox=\"0 0 268.832 268.832\" style=\"\"><use xmlns:xlink=\"http:\/\/www.w3.org\/1999\/xlink\" xlink:href=\"#svg-f8eb\"><\/use><\/svg><svg xmlns=\"http:\/\/www.w3.org\/2000\/svg\" xmlns:xlink=\"http:\/\/www.w3.org\/1999\/xlink\" version=\"1.1\" xml:space=\"preserve\" class=\"u-svg-content\" viewBox=\"0 0 268.832 268.832\" x=\"0px\" y=\"0px\" id=\"svg-f8eb\" style=\"enable-background:new 0 0 268.832 268.832;\"><g><path d=\"M265.171,125.577l-80-80c-4.881-4.881-12.797-4.881-17.678,0c-4.882,4.882-4.882,12.796,0,17.678l58.661,58.661H12.5   c-6.903,0-12.5,5.597-12.5,12.5c0,6.902,5.597,12.5,12.5,12.5h213.654l-58.659,58.661c-4.882,4.882-4.882,12.796,0,17.678   c2.44,2.439,5.64,3.661,8.839,3.661s6.398-1.222,8.839-3.661l79.998-80C270.053,138.373,270.053,130.459,265.171,125.577z\"><\/path>\n<\/g><\/svg><\/span>\n                <\/div>\n              <\/div>\n            <\/div>\n          <\/div>\n          <div class=\"u-container-style u-effect-hover-zoom u-list-item u-opacity u-opacity-75 u-repeater-item u-shading u-list-item-2\" data-image-width=\"1280\" data-image-height=\"853\">\n            <div class=\"u-background-effect u-expanded\">\n              <div class=\"u-background-effect-image u-expanded u-image u-shading u-image-2\" data-image-width=\"1280\" data-image-height=\"853\"><\/div>\n            <\/div>\n            <div class=\"u-container-layout u-similar-container u-valign-bottom u-container-layout-3\">\n              <div class=\"u-container-style u-group u-group-2\">\n                <div class=\"u-container-layout u-container-layout-4\">\n                  <h4 class=\"u-text u-text-3\" data-animation-name=\"slideIn\" data-animation-duration=\"1000\" data-animation-delay=\"0\" data-animation-direction=\"Down\">PARKE ALTI YALITIM MALZEMELER\u0130<\/h4>\n                  <p class=\"u-text u-text-4\" data-animation-name=\"zoomIn\" data-animation-duration=\"1000\" data-animation-delay=\"0\" data-animation-direction=\"\">FLOORLAYER<br>KAPRON<br>\u015e\u0130LTE&nbsp;<br>KARTON\n                  <\/p><span class=\"u-icon u-icon-circle u-text-palette-3-base u-icon-2\" data-animation-name=\"bounceIn\" data-animation-duration=\"1000\" data-animation-delay=\"0\" data-animation-direction=\"\" data-href=\"http:\/\/lamiset.com\/index.php\/parke-alti-yalitim-malzemeleri\/\"><svg class=\"u-svg-link\" preserveAspectRatio=\"xMidYMin slice\" viewBox=\"0 0 268.832 268.832\" style=\"\"><use xmlns:xlink=\"http:\/\/www.w3.org\/1999\/xlink\" xlink:href=\"#svg-de5f\"><\/use><\/svg><svg xmlns=\"http:\/\/www.w3.org\/2000\/svg\" xmlns:xlink=\"http:\/\/www.w3.org\/1999\/xlink\" version=\"1.1\" xml:space=\"preserve\" class=\"u-svg-content\" viewBox=\"0 0 268.832 268.832\" x=\"0px\" y=\"0px\" id=\"svg-de5f\" style=\"enable-background:new 0 0 268.832 268.832;\"><g><path d=\"M265.171,125.577l-80-80c-4.881-4.881-12.797-4.881-17.678,0c-4.882,4.882-4.882,12.796,0,17.678l58.661,58.661H12.5   c-6.903,0-12.5,5.597-12.5,12.5c0,6.902,5.597,12.5,12.5,12.5h213.654l-58.659,58.661c-4.882,4.882-4.882,12.796,0,17.678   c2.44,2.439,5.64,3.661,8.839,3.661s6.398-1.222,8.839-3.661l79.998-80C270.053,138.373,270.053,130.459,265.171,125.577z\"><\/path>\n<\/g><\/svg><\/span>\n                <\/div>\n              <\/div>\n            <\/div>\n          <\/div>\n          <div class=\"u-container-style u-effect-hover-zoom u-list-item u-opacity u-opacity-75 u-repeater-item u-shading u-list-item-3\" data-image-width=\"720\" data-image-height=\"1280\">\n            <div class=\"u-background-effect u-expanded\">\n              <div class=\"u-background-effect-image u-expanded u-image u-shading u-image-3\" data-image-width=\"720\" data-image-height=\"1280\"><\/div>\n            <\/div>\n            <div class=\"u-container-layout u-similar-container u-valign-bottom u-container-layout-5\">\n              <div class=\"u-container-style u-group u-group-3\">\n                <div class=\"u-container-layout u-container-layout-6\">\n                  <h4 class=\"u-text u-text-5\" data-animation-name=\"slideIn\" data-animation-duration=\"1000\" data-animation-delay=\"0\" data-animation-direction=\"Down\">KAPI KOLU<\/h4>\n                  <p class=\"u-text u-text-6\" data-animation-name=\"zoomIn\" data-animation-duration=\"1000\" data-animation-delay=\"0\" data-animation-direction=\"\">\u0130\u00e7 mekanlar i\u00e7in y\u00fcksek kalitede ve uygun fiyatl\u0131 kap\u0131 kollar\u0131.<\/p><span class=\"u-icon u-icon-circle u-text-palette-3-base u-icon-3\" data-animation-name=\"bounceIn\" data-animation-duration=\"1000\" data-animation-delay=\"0\" data-animation-direction=\"\" data-href=\"http:\/\/lamiset.com\/index.php\/kapi-kolu\/\"><svg class=\"u-svg-link\" preserveAspectRatio=\"xMidYMin slice\" viewBox=\"0 0 268.832 268.832\" style=\"\"><use xmlns:xlink=\"http:\/\/www.w3.org\/1999\/xlink\" xlink:href=\"#svg-bbda\"><\/use><\/svg><svg xmlns=\"http:\/\/www.w3.org\/2000\/svg\" xmlns:xlink=\"http:\/\/www.w3.org\/1999\/xlink\" version=\"1.1\" xml:space=\"preserve\" class=\"u-svg-content\" viewBox=\"0 0 268.832 268.832\" x=\"0px\" y=\"0px\" id=\"svg-bbda\" style=\"enable-background:new 0 0 268.832 268.832;\"><g><path d=\"M265.171,125.577l-80-80c-4.881-4.881-12.797-4.881-17.678,0c-4.882,4.882-4.882,12.796,0,17.678l58.661,58.661H12.5   c-6.903,0-12.5,5.597-12.5,12.5c0,6.902,5.597,12.5,12.5,12.5h213.654l-58.659,58.661c-4.882,4.882-4.882,12.796,0,17.678   c2.44,2.439,5.64,3.661,8.839,3.661s6.398-1.222,8.839-3.661l79.998-80C270.053,138.373,270.053,130.459,265.171,125.577z\"><\/path>\n<\/g><\/svg><\/span>\n                <\/div>\n              <\/div>\n            <\/div>\n          <\/div>\n          <div class=\"u-container-style u-effect-hover-zoom u-list-item u-opacity u-opacity-75 u-repeater-item u-shading u-list-item-4\" data-image-width=\"1141\" data-image-height=\"762\">\n            <div class=\"u-background-effect u-expanded\">\n              <div class=\"u-background-effect-image u-expanded u-image u-shading u-image-4\" data-image-width=\"1141\" data-image-height=\"762\"><\/div>\n            <\/div>\n            <div class=\"u-container-layout u-similar-container u-valign-bottom u-container-layout-7\">\n              <div class=\"u-container-style u-group u-group-4\">\n                <div class=\"u-container-layout u-container-layout-8\">\n                  <h4 class=\"u-text u-text-7\" data-animation-name=\"slideIn\" data-animation-duration=\"1000\" data-animation-delay=\"0\" data-animation-direction=\"Down\">Kap\u0131 E\u015fik Profilleri<\/h4>\n                  <p class=\"u-text u-text-8\" data-animation-name=\"zoomIn\" data-animation-duration=\"1000\" data-animation-delay=\"0\" data-animation-direction=\"\">Kap\u0131larda olu\u015fan kot fark\u0131 nedeni ile tercih edilen e\u015fikler,<br>\"Lamiset\" kalitesi ile bulu\u015ftu...\n                  <\/p><span class=\"u-icon u-icon-circle u-text-palette-3-base u-icon-4\" data-animation-name=\"bounceIn\" data-animation-duration=\"1000\" data-animation-delay=\"0\" data-animation-direction=\"\" data-href=\"http:\/\/lamiset.com\/index.php\/kapi-esigi\/\"><svg class=\"u-svg-link\" preserveAspectRatio=\"xMidYMin slice\" viewBox=\"0 0 268.832 268.832\" style=\"\"><use xmlns:xlink=\"http:\/\/www.w3.org\/1999\/xlink\" xlink:href=\"#svg-2842\"><\/use><\/svg><svg xmlns=\"http:\/\/www.w3.org\/2000\/svg\" xmlns:xlink=\"http:\/\/www.w3.org\/1999\/xlink\" version=\"1.1\" xml:space=\"preserve\" class=\"u-svg-content\" viewBox=\"0 0 268.832 268.832\" x=\"0px\" y=\"0px\" id=\"svg-2842\" style=\"enable-background:new 0 0 268.832 268.832;\"><g><path d=\"M265.171,125.577l-80-80c-4.881-4.881-12.797-4.881-17.678,0c-4.882,4.882-4.882,12.796,0,17.678l58.661,58.661H12.5   c-6.903,0-12.5,5.597-12.5,12.5c0,6.902,5.597,12.5,12.5,12.5h213.654l-58.659,58.661c-4.882,4.882-4.882,12.796,0,17.678   c2.44,2.439,5.64,3.661,8.839,3.661s6.398-1.222,8.839-3.661l79.998-80C270.053,138.373,270.053,130.459,265.171,125.577z\"><\/path>\n<\/g><\/svg><\/span>\n                <\/div>\n              <\/div>\n            <\/div>\n          <\/div>\n          <div class=\"u-container-style u-effect-hover-zoom u-list-item u-opacity u-opacity-75 u-repeater-item u-shading u-list-item-4\" data-image-width=\"1280\" data-image-height=\"836\">\n            <div class=\"u-background-effect u-expanded\">\n              <div class=\"u-background-effect-image u-expanded u-image u-shading u-image-5\" data-image-width=\"1280\" data-image-height=\"836\"><\/div>\n            <\/div>\n            <div class=\"u-container-layout u-similar-container u-valign-bottom u-container-layout-7\">\n              <div class=\"u-container-style u-group u-group-4\">\n                <div class=\"u-container-layout u-container-layout-8\">\n                  <h4 class=\"u-text u-text-7\" data-animation-name=\"slideIn\" data-animation-duration=\"1000\" data-animation-delay=\"0\" data-animation-direction=\"Down\">Yap\u0131\u015ft\u0131r\u0131c\u0131lar<\/h4>\n                  <p class=\"u-text u-text-10\" data-animation-name=\"zoomIn\" data-animation-duration=\"1000\" data-animation-delay=\"0\" data-animation-direction=\"\">Silikon<br>K\u00f6p\u00fck&nbsp;<br>Mastik<br>H\u0131zl\u0131 Yap\u0131\u015ft\u0131r\u0131c\u0131lar\n                  <\/p><span class=\"u-icon u-icon-circle u-text-palette-3-base u-icon-5\" data-animation-name=\"bounceIn\" data-animation-duration=\"1000\" data-animation-delay=\"0\" data-animation-direction=\"\" data-href=\"http:\/\/lamiset.com\/index.php\/yapistiricilar\/\"><svg class=\"u-svg-link\" preserveAspectRatio=\"xMidYMin slice\" viewBox=\"0 0 268.832 268.832\" style=\"\"><use xmlns:xlink=\"http:\/\/www.w3.org\/1999\/xlink\" xlink:href=\"#svg-aceb\"><\/use><\/svg><svg xmlns=\"http:\/\/www.w3.org\/2000\/svg\" xmlns:xlink=\"http:\/\/www.w3.org\/1999\/xlink\" version=\"1.1\" xml:space=\"preserve\" class=\"u-svg-content\" viewBox=\"0 0 268.832 268.832\" x=\"0px\" y=\"0px\" id=\"svg-aceb\" style=\"enable-background:new 0 0 268.832 268.832;\"><g><path d=\"M265.171,125.577l-80-80c-4.881-4.881-12.797-4.881-17.678,0c-4.882,4.882-4.882,12.796,0,17.678l58.661,58.661H12.5   c-6.903,0-12.5,5.597-12.5,12.5c0,6.902,5.597,12.5,12.5,12.5h213.654l-58.659,58.661c-4.882,4.882-4.882,12.796,0,17.678   c2.44,2.439,5.64,3.661,8.839,3.661s6.398-1.222,8.839-3.661l79.998-80C270.053,138.373,270.053,130.459,265.171,125.577z\"><\/path>\n<\/g><\/svg><\/span>\n                <\/div>\n              <\/div>\n            <\/div>\n          <\/div>\n          <div class=\"u-container-style u-effect-hover-zoom u-list-item u-opacity u-opacity-75 u-repeater-item u-shading u-list-item-4\" data-image-width=\"853\" data-image-height=\"1280\">\n            <div class=\"u-background-effect u-expanded\">\n              <div class=\"u-background-effect-image u-expanded u-image u-shading u-image-6\" data-image-width=\"853\" data-image-height=\"1280\"><\/div>\n            <\/div>\n            <div class=\"u-container-layout u-similar-container u-valign-bottom u-container-layout-7\">\n              <div class=\"u-container-style u-group u-group-4\">\n                <div class=\"u-container-layout u-container-layout-8\">\n                  <h4 class=\"u-text u-text-7\" data-animation-name=\"slideIn\" data-animation-duration=\"1000\" data-animation-delay=\"0\" data-animation-direction=\"Down\">Makina Z\u0131mbas\u0131<\/h4>\n                  <p class=\"u-text u-text-12\" data-animation-name=\"zoomIn\" data-animation-duration=\"1000\" data-animation-delay=\"0\" data-animation-direction=\"\">Kompros\u00f6r makinas\u0131 i\u00e7in tercih edilmektedir...<\/p><span class=\"u-icon u-icon-circle u-text-palette-3-base u-icon-6\" data-animation-name=\"bounceIn\" data-animation-duration=\"1000\" data-animation-delay=\"0\" data-animation-direction=\"\" data-href=\"http:\/\/lamiset.com\/index.php\/tel-zimba\/\"><svg class=\"u-svg-link\" preserveAspectRatio=\"xMidYMin slice\" viewBox=\"0 0 268.832 268.832\" style=\"\"><use xmlns:xlink=\"http:\/\/www.w3.org\/1999\/xlink\" xlink:href=\"#svg-db8c\"><\/use><\/svg><svg xmlns=\"http:\/\/www.w3.org\/2000\/svg\" xmlns:xlink=\"http:\/\/www.w3.org\/1999\/xlink\" version=\"1.1\" xml:space=\"preserve\" class=\"u-svg-content\" viewBox=\"0 0 268.832 268.832\" x=\"0px\" y=\"0px\" id=\"svg-db8c\" style=\"enable-background:new 0 0 268.832 268.832;\"><g><path d=\"M265.171,125.577l-80-80c-4.881-4.881-12.797-4.881-17.678,0c-4.882,4.882-4.882,12.796,0,17.678l58.661,58.661H12.5   c-6.903,0-12.5,5.597-12.5,12.5c0,6.902,5.597,12.5,12.5,12.5h213.654l-58.659,58.661c-4.882,4.882-4.882,12.796,0,17.678   c2.44,2.439,5.64,3.661,8.839,3.661s6.398-1.222,8.839-3.661l79.998-80C270.053,138.373,270.053,130.459,265.171,125.577z\"><\/path>\n<\/g><\/svg><\/span>\n                <\/div>\n              <\/div>\n            <\/div>\n          <\/div>\n        <\/div>\n      <\/div>\n    <\/section>\n    \n    \n    \n    \n    \n  \n<\/div>","protected":false},"excerpt":{"rendered":"<p>S\u00dcP\u00dcRGEL\u0130K Lamisetin \u00f6zg\u00fcrce tasarlanan s\u00fcp\u00fcreliklerini g\u00f6rd\u00fcn\u00fcz m\u00fc? PARKE ALTI YALITIM MALZEMELER\u0130 FLOORLAYERKAPRON\u015e\u0130LTE&nbsp;KARTON KAPI KOLU \u0130\u00e7 mekanlar i\u00e7in y\u00fcksek kalitede ve uygun fiyatl\u0131 kap\u0131 kollar\u0131. Kap\u0131 E\u015fik Profilleri Kap\u0131larda olu\u015fan kot fark\u0131 nedeni ile tercih edilen e\u015fikler,&#8221;Lamiset&#8221; kalitesi ile bulu\u015ftu&#8230; Yap\u0131\u015ft\u0131r\u0131c\u0131lar SilikonK\u00f6p\u00fck&nbsp;MastikH\u0131zl\u0131 Yap\u0131\u015ft\u0131r\u0131c\u0131lar Makina Z\u0131mbas\u0131 Kompros\u00f6r makinas\u0131 i\u00e7in tercih edilmektedir&#8230;<\/p>\n","protected":false},"author":1,"featured_media":0,"parent":0,"menu_order":11,"comment_status":"closed","ping_status":"closed","template":"","meta":{"footnotes":""},"class_list":["post-192","page","type-page","status-publish","hentry","entry"],"_links":{"self":[{"href":"http:\/\/lamiset.com\/index.php\/wp-json\/wp\/v2\/pages\/192","targetHints":{"allow":["GET"]}}],"collection":[{"href":"http:\/\/lamiset.com\/index.php\/wp-json\/wp\/v2\/pages"}],"about":[{"href":"http:\/\/lamiset.com\/index.php\/wp-json\/wp\/v2\/types\/page"}],"author":[{"embeddable":true,"href":"http:\/\/lamiset.com\/index.php\/wp-json\/wp\/v2\/users\/1"}],"replies":[{"embeddable":true,"href":"http:\/\/lamiset.com\/index.php\/wp-json\/wp\/v2\/comments?post=192"}],"version-history":[{"count":1,"href":"http:\/\/lamiset.com\/index.php\/wp-json\/wp\/v2\/pages\/192\/revisions"}],"predecessor-version":[{"id":228,"href":"http:\/\/lamiset.com\/index.php\/wp-json\/wp\/v2\/pages\/192\/revisions\/228"}],"wp:attachment":[{"href":"http:\/\/lamiset.com\/index.php\/wp-json\/wp\/v2\/media?parent=192"}],"curies":[{"name":"wp","href":"https:\/\/api.w.org\/{rel}","templated":true}]}}