{"id":194,"date":"2021-05-27T13:53:41","date_gmt":"2021-05-27T10:53:41","guid":{"rendered":"http:\/\/lamiset.com\/index.php\/tel-zimba\/"},"modified":"2021-05-27T13:53:59","modified_gmt":"2021-05-27T10:53:59","slug":"tel-zimba","status":"publish","type":"page","link":"http:\/\/lamiset.com\/index.php\/tel-zimba\/","title":{"rendered":"TEL ZIMBA"},"content":{"rendered":"<div class=\"\" style=\"\" >\n  \n    <section class=\"u-clearfix u-grey-10 u-section-1\" id=\"sec-4af7\">\n      <div class=\"u-clearfix u-sheet u-valign-bottom-md u-valign-middle-sm u-valign-middle-xs u-sheet-1\"><!--product_item-->\n        <div class=\"u-container-style u-expanded-width u-gradient u-product u-product-1\">\n          <div class=\"u-container-layout u-valign-middle-lg u-valign-middle-md u-valign-middle-sm u-valign-middle-xs u-valign-top-xl u-container-layout-1\"><div class=\"none-post-image\" style=\"display: none;\"><\/div>\n            <div class=\"u-container-style u-custom-color-14 u-group u-shape-rectangle u-group-1\" data-href=\"https:\/\/www.ebilok.com\/civiler\">\n              <div class=\"u-container-layout u-container-layout-2\">\n                <h2 class=\"u-text u-text-1\">TEL ZIMBA<\/h2>\n                <p class=\"u-text u-text-2\">Kompros\u00f6r i\u00e7in tel z\u0131mba Lamiset kalitesi ile birle\u015fti...<\/p>\n              <\/div>\n            <\/div>\n          <\/div>\n        <\/div><!--\/product_item-->\n      <\/div>\n    <\/section>\n    \n    \n    \n    \n    \n  \n<\/div>","protected":false},"excerpt":{"rendered":"<p>TEL ZIMBA Kompros\u00f6r i\u00e7in tel z\u0131mba Lamiset kalitesi ile birle\u015fti&#8230;<\/p>\n","protected":false},"author":1,"featured_media":0,"parent":0,"menu_order":13,"comment_status":"closed","ping_status":"closed","template":"","meta":{"footnotes":""},"class_list":["post-194","page","type-page","status-publish","hentry","entry"],"_links":{"self":[{"href":"http:\/\/lamiset.com\/index.php\/wp-json\/wp\/v2\/pages\/194","targetHints":{"allow":["GET"]}}],"collection":[{"href":"http:\/\/lamiset.com\/index.php\/wp-json\/wp\/v2\/pages"}],"about":[{"href":"http:\/\/lamiset.com\/index.php\/wp-json\/wp\/v2\/types\/page"}],"author":[{"embeddable":true,"href":"http:\/\/lamiset.com\/index.php\/wp-json\/wp\/v2\/users\/1"}],"replies":[{"embeddable":true,"href":"http:\/\/lamiset.com\/index.php\/wp-json\/wp\/v2\/comments?post=194"}],"version-history":[{"count":1,"href":"http:\/\/lamiset.com\/index.php\/wp-json\/wp\/v2\/pages\/194\/revisions"}],"predecessor-version":[{"id":230,"href":"http:\/\/lamiset.com\/index.php\/wp-json\/wp\/v2\/pages\/194\/revisions\/230"}],"wp:attachment":[{"href":"http:\/\/lamiset.com\/index.php\/wp-json\/wp\/v2\/media?parent=194"}],"curies":[{"name":"wp","href":"https:\/\/api.w.org\/{rel}","templated":true}]}}