{"id":198,"date":"2021-05-27T13:53:45","date_gmt":"2021-05-27T10:53:45","guid":{"rendered":"http:\/\/lamiset.com\/index.php\/lamiset-serileri\/"},"modified":"2021-05-27T13:54:00","modified_gmt":"2021-05-27T10:54:00","slug":"lamiset-serileri","status":"publish","type":"page","link":"http:\/\/lamiset.com\/index.php\/lamiset-serileri\/","title":{"rendered":"Lamiset Serileri"},"content":{"rendered":"<div class=\"\" style=\"\" >\n  \n    <section class=\"u-align-center u-clearfix u-image u-section-1\" id=\"carousel_a3d6\" data-image-width=\"1280\" data-image-height=\"850\">\n      <div class=\"u-clearfix u-sheet u-sheet-1\">\n        <h1 class=\"u-custom-font u-font-raleway u-text u-text-body-alt-color u-text-1\">LAMS\u0130ET PARKE<br>SER\u0130LER\u0130\n        <\/h1>\n        <p class=\"u-text u-text-body-alt-color u-text-2\">Mekana do\u011fal hava katmak isteyenlern vazge\u00e7ilmez tercihi.<\/p>\n        <div class=\"u-list u-list-1\">\n          <div class=\"u-repeater u-repeater-1\">\n            <div class=\"u-container-style u-list-item u-repeater-item u-white u-list-item-1\">\n              <div class=\"u-container-layout u-similar-container u-valign-top u-container-layout-1\">\n                <div class=\"u-align-center u-container-style u-expanded-width u-group u-palette-1-dark-1 u-group-1\">\n                  <div class=\"u-container-layout u-container-layout-2\">\n                    <h3 class=\"u-custom-font u-font-raleway u-text u-text-3\">KONSEPT<\/h3>\n                  <\/div>\n                <\/div>\n                <img decoding=\"async\" alt=\"\" class=\"u-expanded-width u-image u-image-default u-image-1\" src=\"http:\/\/lamiset.com\/wp-content\/uploads\/2021\/05\/be03a3f23f446c7f3a1e9b96053806fd9f411f6a8361f93dac3a6be7f5464781f8c77f72068d2098b0b42395b9fffa128866b7aa6014d98d1a1b74_1280.jpg\" data-image-width=\"1280\" data-image-height=\"854\">\n                <div class=\"u-container-style u-expanded-width u-group u-group-2\">\n                  <div class=\"u-container-layout u-valign-top u-container-layout-3\">\n                    <p class=\"u-align-center u-text u-text-4\">\u00d6ZELL\u0130KLER\u0130<\/p>\n                    <ul class=\"u-align-left u-custom-list u-text u-text-5\">\n                      <li>\n                        <div class=\"class u-list-icon\">\n                          <svg xmlns=\"http:\/\/www.w3.org\/2000\/svg\" xmlns:xlink=\"http:\/\/www.w3.org\/1999\/xlink\" version=\"1.1\" xml:space=\"preserve\" class=\"u-svg-content\" viewBox=\"0 0 512.019 512.019\" x=\"0px\" y=\"0px\" id=\"svg-b379\"><path fill=\"currentColor\" d=\"M362.676,0H149.343C119.888,0,96.01,23.878,96.01,53.333v448 c-0.011,5.891,4.757,10.675,10.648,10.686c2.84,0.005,5.565-1.123,7.571-3.134L256.01,367.083l141.781,141.781 c4.16,4.171,10.914,4.179,15.085,0.019c2.006-2.001,3.133-4.717,3.134-7.55v-448C416.01,23.878,392.131,0,362.676,0z\"><\/path><\/svg>\n                        <\/div>\n                      <\/li>\n                      <li>15 YIL GARANT\u0130<\/li>\n                      <li>\n                        <div class=\"class u-list-icon\">\n                          <svg xmlns=\"http:\/\/www.w3.org\/2000\/svg\" xmlns:xlink=\"http:\/\/www.w3.org\/1999\/xlink\" version=\"1.1\" xml:space=\"preserve\" class=\"u-svg-content\" viewBox=\"0 0 512.019 512.019\" x=\"0px\" y=\"0px\" id=\"svg-b379\"><path fill=\"currentColor\" d=\"M362.676,0H149.343C119.888,0,96.01,23.878,96.01,53.333v448 c-0.011,5.891,4.757,10.675,10.648,10.686c2.84,0.005,5.565-1.123,7.571-3.134L256.01,367.083l141.781,141.781 c4.16,4.171,10.914,4.179,15.085,0.019c2.006-2.001,3.133-4.717,3.134-7.55v-448C416.01,23.878,392.131,0,362.676,0z\"><\/path><\/svg>\n                        <\/div>\n                      <\/li>\n                      <li>AC\/31.SINIF<\/li>\n                      <li>\n                        <div class=\"class u-list-icon\">\n                          <svg xmlns=\"http:\/\/www.w3.org\/2000\/svg\" xmlns:xlink=\"http:\/\/www.w3.org\/1999\/xlink\" version=\"1.1\" xml:space=\"preserve\" class=\"u-svg-content\" viewBox=\"0 0 512.019 512.019\" x=\"0px\" y=\"0px\" id=\"svg-b379\"><path fill=\"currentColor\" d=\"M362.676,0H149.343C119.888,0,96.01,23.878,96.01,53.333v448 c-0.011,5.891,4.757,10.675,10.648,10.686c2.84,0.005,5.565-1.123,7.571-3.134L256.01,367.083l141.781,141.781 c4.16,4.171,10.914,4.179,15.085,0.019c2.006-2.001,3.133-4.717,3.134-7.55v-448C416.01,23.878,392.131,0,362.676,0z\"><\/path><\/svg>\n                        <\/div>DERS\u0130Z\n                      <\/li>\n                      <li>\n                        <div class=\"class u-list-icon\">\n                          <svg xmlns=\"http:\/\/www.w3.org\/2000\/svg\" xmlns:xlink=\"http:\/\/www.w3.org\/1999\/xlink\" version=\"1.1\" xml:space=\"preserve\" class=\"u-svg-content\" viewBox=\"0 0 512.019 512.019\" x=\"0px\" y=\"0px\" id=\"svg-b379\"><path fill=\"currentColor\" d=\"M362.676,0H149.343C119.888,0,96.01,23.878,96.01,53.333v448 c-0.011,5.891,4.757,10.675,10.648,10.686c2.84,0.005,5.565-1.123,7.571-3.134L256.01,367.083l141.781,141.781 c4.16,4.171,10.914,4.179,15.085,0.019c2.006-2.001,3.133-4.717,3.134-7.55v-448C416.01,23.878,392.131,0,362.676,0z\"><\/path><\/svg>\n                        <\/div>Kal\u0131nl\u0131k: 7mm&nbsp;\n                      <\/li>\n                    <\/ul>\n                    <a href=\"267710224\" class=\"u-btn u-btn-rectangle u-button-style u-hover-custom-color-16 u-palette-4-base u-btn-1\">detayl\u0131 b\u0130lg\u0130<\/a>\n                  <\/div>\n                <\/div>\n              <\/div>\n            <\/div>\n            <div class=\"u-container-style u-list-item u-repeater-item u-video-cover u-white u-list-item-2\">\n              <div class=\"u-container-layout u-similar-container u-valign-top u-container-layout-4\">\n                <div class=\"u-align-center u-container-style u-custom-color-25 u-expanded-width u-group u-video-cover u-group-3\">\n                  <div class=\"u-container-layout u-container-layout-5\">\n                    <h3 class=\"u-custom-font u-font-raleway u-text u-text-6\">V\u0130ZYON<\/h3>\n                  <\/div>\n                <\/div>\n                <img decoding=\"async\" alt=\"\" class=\"u-expanded-width u-image u-image-default u-image-2\" src=\"http:\/\/lamiset.com\/wp-content\/uploads\/2021\/05\/536e944e9195c1670f147618277a64eac924e962800a9a12ec14b80a84f7649f8d04913a57c37547107aba75a7ff5780e63242bed51a385382efb3_1280.jpg\" data-image-width=\"1224\" data-image-height=\"1280\">\n                <div class=\"u-container-style u-expanded-width u-group u-video-cover u-group-4\">\n                  <div class=\"u-container-layout u-valign-top u-container-layout-6\">\n                    <p class=\"u-align-center u-text u-text-7\">\u00d6ZELL\u0130KLER\u0130<br>\n                    <\/p>\n                    <ul class=\"u-align-left u-custom-list u-text u-text-8\">\n                      <li>\n                        <div class=\"class u-list-icon\">\n                          <svg xmlns=\"http:\/\/www.w3.org\/2000\/svg\" xmlns:xlink=\"http:\/\/www.w3.org\/1999\/xlink\" version=\"1.1\" xml:space=\"preserve\" class=\"u-svg-content\" viewBox=\"0 0 512.019 512.019\" x=\"0px\" y=\"0px\" id=\"svg-0d13\"><path fill=\"currentColor\" d=\"M362.676,0H149.343C119.888,0,96.01,23.878,96.01,53.333v448 c-0.011,5.891,4.757,10.675,10.648,10.686c2.84,0.005,5.565-1.123,7.571-3.134L256.01,367.083l141.781,141.781 c4.16,4.171,10.914,4.179,15.085,0.019c2.006-2.001,3.133-4.717,3.134-7.55v-448C416.01,23.878,392.131,0,362.676,0z\"><\/path><\/svg>\n                        <\/div>15 YIL GARANT\u0130\n                      <\/li>\n                      <li>\n                        <div class=\"class u-list-icon\">\n                          <svg xmlns=\"http:\/\/www.w3.org\/2000\/svg\" xmlns:xlink=\"http:\/\/www.w3.org\/1999\/xlink\" version=\"1.1\" xml:space=\"preserve\" class=\"u-svg-content\" viewBox=\"0 0 512.019 512.019\" x=\"0px\" y=\"0px\" id=\"svg-0d13\"><path fill=\"currentColor\" d=\"M362.676,0H149.343C119.888,0,96.01,23.878,96.01,53.333v448 c-0.011,5.891,4.757,10.675,10.648,10.686c2.84,0.005,5.565-1.123,7.571-3.134L256.01,367.083l141.781,141.781 c4.16,4.171,10.914,4.179,15.085,0.019c2.006-2.001,3.133-4.717,3.134-7.55v-448C416.01,23.878,392.131,0,362.676,0z\"><\/path><\/svg>\n                        <\/div>\n                        <div class=\"class u-list-icon\">\n                          <svg xmlns=\"http:\/\/www.w3.org\/2000\/svg\" xmlns:xlink=\"http:\/\/www.w3.org\/1999\/xlink\" version=\"1.1\" xml:space=\"preserve\" class=\"u-svg-content\" viewBox=\"0 0 512.019 512.019\" x=\"0px\" y=\"0px\" id=\"svg-0d13\"><path fill=\"currentColor\" d=\"M362.676,0H149.343C119.888,0,96.01,23.878,96.01,53.333v448 c-0.011,5.891,4.757,10.675,10.648,10.686c2.84,0.005,5.565-1.123,7.571-3.134L256.01,367.083l141.781,141.781 c4.16,4.171,10.914,4.179,15.085,0.019c2.006-2.001,3.133-4.717,3.134-7.55v-448C416.01,23.878,392.131,0,362.676,0z\"><\/path><\/svg>\n                        <\/div>AC\/31.SINIF\n                      <\/li>\n                      <li>\n                        <div class=\"class u-list-icon\">\n                          <svg xmlns=\"http:\/\/www.w3.org\/2000\/svg\" xmlns:xlink=\"http:\/\/www.w3.org\/1999\/xlink\" version=\"1.1\" xml:space=\"preserve\" class=\"u-svg-content\" viewBox=\"0 0 512.019 512.019\" x=\"0px\" y=\"0px\" id=\"svg-0d13\"><path fill=\"currentColor\" d=\"M362.676,0H149.343C119.888,0,96.01,23.878,96.01,53.333v448 c-0.011,5.891,4.757,10.675,10.648,10.686c2.84,0.005,5.565-1.123,7.571-3.134L256.01,367.083l141.781,141.781 c4.16,4.171,10.914,4.179,15.085,0.019c2.006-2.001,3.133-4.717,3.134-7.55v-448C416.01,23.878,392.131,0,362.676,0z\"><\/path><\/svg>\n                        <\/div>\n                        <div class=\"class u-list-icon\">\n                          <svg xmlns=\"http:\/\/www.w3.org\/2000\/svg\" xmlns:xlink=\"http:\/\/www.w3.org\/1999\/xlink\" version=\"1.1\" xml:space=\"preserve\" class=\"u-svg-content\" viewBox=\"0 0 512.019 512.019\" x=\"0px\" y=\"0px\" id=\"svg-0d13\"><path fill=\"currentColor\" d=\"M362.676,0H149.343C119.888,0,96.01,23.878,96.01,53.333v448 c-0.011,5.891,4.757,10.675,10.648,10.686c2.84,0.005,5.565-1.123,7.571-3.134L256.01,367.083l141.781,141.781 c4.16,4.171,10.914,4.179,15.085,0.019c2.006-2.001,3.133-4.717,3.134-7.55v-448C416.01,23.878,392.131,0,362.676,0z\"><\/path><\/svg>\n                        <\/div>DERS\u0130Z\n                      <\/li>\n                      <li>\n                        <div class=\"class u-list-icon\">\n                          <svg xmlns=\"http:\/\/www.w3.org\/2000\/svg\" xmlns:xlink=\"http:\/\/www.w3.org\/1999\/xlink\" version=\"1.1\" xml:space=\"preserve\" class=\"u-svg-content\" viewBox=\"0 0 512.019 512.019\" x=\"0px\" y=\"0px\" id=\"svg-0d13\"><path fill=\"currentColor\" d=\"M362.676,0H149.343C119.888,0,96.01,23.878,96.01,53.333v448 c-0.011,5.891,4.757,10.675,10.648,10.686c2.84,0.005,5.565-1.123,7.571-3.134L256.01,367.083l141.781,141.781 c4.16,4.171,10.914,4.179,15.085,0.019c2.006-2.001,3.133-4.717,3.134-7.55v-448C416.01,23.878,392.131,0,362.676,0z\"><\/path><\/svg>\n                        <\/div>Kal\u0131nl\u0131k: 8mm\n                      <\/li>\n                    <\/ul>\n                    <a href=\"965706018\" class=\"u-btn u-btn-rectangle u-button-style u-hover-custom-color-16 u-palette-4-base u-btn-2\">DETAYLI B\u0130LG\u0130<\/a>\n                  <\/div>\n                <\/div>\n              <\/div>\n            <\/div>\n            <div class=\"u-container-style u-list-item u-repeater-item u-video-cover u-white u-list-item-3\">\n              <div class=\"u-container-layout u-similar-container u-valign-top u-container-layout-7\">\n                <div class=\"u-align-center u-container-style u-expanded-width u-group u-palette-3-dark-1 u-video-cover u-group-5\">\n                  <div class=\"u-container-layout u-container-layout-8\">\n                    <h3 class=\"u-custom-font u-font-raleway u-text u-text-9\">FUGA<\/h3>\n                  <\/div>\n                <\/div>\n                <img decoding=\"async\" alt=\"\" class=\"u-expanded-width u-image u-image-default u-image-3\" src=\"http:\/\/lamiset.com\/wp-content\/uploads\/2021\/05\/a4d45d0079e0e19c69085d4636a5b1c475bf4c340fe0d69714cd6fb97bc31f12993cfdfd2316c11c83e3fcd5d24bdf4058ea96430fe74b4f54960e_1280.jpg\" data-image-width=\"1280\" data-image-height=\"598\">\n                <div class=\"u-container-style u-expanded-width u-group u-video-cover u-group-6\">\n                  <div class=\"u-container-layout u-valign-top u-container-layout-9\">\n                    <p class=\"u-align-center u-text u-text-10\">\u00d6ZELL\u0130KLER\u0130<br>\n                    <\/p>\n                    <ul class=\"u-align-left u-custom-list u-text u-text-11\">\n                      <li>\n                        <div class=\"class u-list-icon\">\n                          <svg xmlns=\"http:\/\/www.w3.org\/2000\/svg\" xmlns:xlink=\"http:\/\/www.w3.org\/1999\/xlink\" version=\"1.1\" xml:space=\"preserve\" class=\"u-svg-content\" viewBox=\"0 0 512.019 512.019\" x=\"0px\" y=\"0px\" id=\"svg-6c62\"><path fill=\"currentColor\" d=\"M362.676,0H149.343C119.888,0,96.01,23.878,96.01,53.333v448 c-0.011,5.891,4.757,10.675,10.648,10.686c2.84,0.005,5.565-1.123,7.571-3.134L256.01,367.083l141.781,141.781 c4.16,4.171,10.914,4.179,15.085,0.019c2.006-2.001,3.133-4.717,3.134-7.55v-448C416.01,23.878,392.131,0,362.676,0z\"><\/path><\/svg>\n                        <\/div>20 YIL GARANT\u0130\n                      <\/li>\n                      <li>\n                        <div class=\"class u-list-icon\">\n                          <svg xmlns=\"http:\/\/www.w3.org\/2000\/svg\" xmlns:xlink=\"http:\/\/www.w3.org\/1999\/xlink\" version=\"1.1\" xml:space=\"preserve\" class=\"u-svg-content\" viewBox=\"0 0 512.019 512.019\" x=\"0px\" y=\"0px\" id=\"svg-6c62\"><path fill=\"currentColor\" d=\"M362.676,0H149.343C119.888,0,96.01,23.878,96.01,53.333v448 c-0.011,5.891,4.757,10.675,10.648,10.686c2.84,0.005,5.565-1.123,7.571-3.134L256.01,367.083l141.781,141.781 c4.16,4.171,10.914,4.179,15.085,0.019c2.006-2.001,3.133-4.717,3.134-7.55v-448C416.01,23.878,392.131,0,362.676,0z\"><\/path><\/svg>\n                        <\/div>AC\/32.SINIF\n                      <\/li>\n                      <li>\n                        <div class=\"class u-list-icon\">\n                          <svg xmlns=\"http:\/\/www.w3.org\/2000\/svg\" xmlns:xlink=\"http:\/\/www.w3.org\/1999\/xlink\" version=\"1.1\" xml:space=\"preserve\" class=\"u-svg-content\" viewBox=\"0 0 512.019 512.019\" x=\"0px\" y=\"0px\" id=\"svg-6c62\"><path fill=\"currentColor\" d=\"M362.676,0H149.343C119.888,0,96.01,23.878,96.01,53.333v448 c-0.011,5.891,4.757,10.675,10.648,10.686c2.84,0.005,5.565-1.123,7.571-3.134L256.01,367.083l141.781,141.781 c4.16,4.171,10.914,4.179,15.085,0.019c2.006-2.001,3.133-4.717,3.134-7.55v-448C416.01,23.878,392.131,0,362.676,0z\"><\/path><\/svg>\n                        <\/div>DERZL\u0130\n                      <\/li>\n                      <li>\n                        <div class=\"class u-list-icon\">\n                          <svg xmlns=\"http:\/\/www.w3.org\/2000\/svg\" xmlns:xlink=\"http:\/\/www.w3.org\/1999\/xlink\" version=\"1.1\" xml:space=\"preserve\" class=\"u-svg-content\" viewBox=\"0 0 512.019 512.019\" x=\"0px\" y=\"0px\" id=\"svg-6c62\"><path fill=\"currentColor\" d=\"M362.676,0H149.343C119.888,0,96.01,23.878,96.01,53.333v448 c-0.011,5.891,4.757,10.675,10.648,10.686c2.84,0.005,5.565-1.123,7.571-3.134L256.01,367.083l141.781,141.781 c4.16,4.171,10.914,4.179,15.085,0.019c2.006-2.001,3.133-4.717,3.134-7.55v-448C416.01,23.878,392.131,0,362.676,0z\"><\/path><\/svg>\n                        <\/div>Kal\u0131nl\u0131k: 8mm\n                      <\/li>\n                    <\/ul>\n                    <a href=\"62417767\" class=\"u-btn u-btn-rectangle u-button-style u-hover-custom-color-16 u-palette-4-base u-btn-3\">DETAYLI B\u0130LG\u0130<\/a>\n                  <\/div>\n                <\/div>\n              <\/div>\n            <\/div>\n          <\/div>\n        <\/div>\n      <\/div>\n    <\/section>\n    \n    \n    \n    \n    \n  \n<\/div>","protected":false},"excerpt":{"rendered":"<p>LAMS\u0130ET PARKESER\u0130LER\u0130 Mekana do\u011fal hava katmak isteyenlern vazge\u00e7ilmez tercihi. KONSEPT \u00d6ZELL\u0130KLER\u0130 15 YIL GARANT\u0130 AC\/31.SINIF DERS\u0130Z Kal\u0131nl\u0131k: 7mm&nbsp; detayl\u0131 b\u0130lg\u0130 V\u0130ZYON \u00d6ZELL\u0130KLER\u0130 15 YIL GARANT\u0130 AC\/31.SINIF DERS\u0130Z Kal\u0131nl\u0131k: 8mm DETAYLI B\u0130LG\u0130 FUGA \u00d6ZELL\u0130KLER\u0130 20 YIL GARANT\u0130 AC\/32.SINIF DERZL\u0130 Kal\u0131nl\u0131k: 8mm DETAYLI B\u0130LG\u0130<\/p>\n","protected":false},"author":1,"featured_media":0,"parent":0,"menu_order":17,"comment_status":"closed","ping_status":"closed","template":"","meta":{"footnotes":""},"class_list":["post-198","page","type-page","status-publish","hentry","entry"],"_links":{"self":[{"href":"http:\/\/lamiset.com\/index.php\/wp-json\/wp\/v2\/pages\/198","targetHints":{"allow":["GET"]}}],"collection":[{"href":"http:\/\/lamiset.com\/index.php\/wp-json\/wp\/v2\/pages"}],"about":[{"href":"http:\/\/lamiset.com\/index.php\/wp-json\/wp\/v2\/types\/page"}],"author":[{"embeddable":true,"href":"http:\/\/lamiset.com\/index.php\/wp-json\/wp\/v2\/users\/1"}],"replies":[{"embeddable":true,"href":"http:\/\/lamiset.com\/index.php\/wp-json\/wp\/v2\/comments?post=198"}],"version-history":[{"count":1,"href":"http:\/\/lamiset.com\/index.php\/wp-json\/wp\/v2\/pages\/198\/revisions"}],"predecessor-version":[{"id":234,"href":"http:\/\/lamiset.com\/index.php\/wp-json\/wp\/v2\/pages\/198\/revisions\/234"}],"wp:attachment":[{"href":"http:\/\/lamiset.com\/index.php\/wp-json\/wp\/v2\/media?parent=198"}],"curies":[{"name":"wp","href":"https:\/\/api.w.org\/{rel}","templated":true}]}}