{"id":202,"date":"2021-05-27T13:53:49","date_gmt":"2021-05-27T10:53:49","guid":{"rendered":"http:\/\/lamiset.com\/index.php\/akdeniz-mese\/"},"modified":"2021-05-27T13:54:00","modified_gmt":"2021-05-27T10:54:00","slug":"akdeniz-mese","status":"publish","type":"page","link":"http:\/\/lamiset.com\/index.php\/akdeniz-mese\/","title":{"rendered":"Akdeniz Me\u015fe"},"content":{"rendered":"<div class=\"\" style=\"\" >\n  \n    <section class=\"u-carousel u-slide u-valign-middle u-block-50c8-1\" id=\"carousel_e88f\" data-interval=\"5000\" data-u-ride=\"carousel\">\n      <ol class=\"u-absolute-hcenter u-carousel-indicators u-block-50c8-2\">\n        <li data-u-target=\"#carousel_e88f\" data-u-slide-to=\"0\" class=\"u-active u-grey-30\"><\/li>\n      <\/ol>\n      <div class=\"u-carousel-inner\" role=\"listbox\">\n        <div class=\"u-active u-align-center u-carousel-item u-clearfix u-palette-3-dark-3 u-section-1-1\">\n          <div class=\"u-clearfix u-layout-wrap u-layout-wrap-1\">\n            <div class=\"u-gutter-0 u-layout\">\n              <div class=\"u-layout-row\">\n                <div class=\"u-size-26\">\n                  <div class=\"u-layout-col\">\n                    <div class=\"u-container-style u-layout-cell u-left-cell u-size-60 u-layout-cell-1\">\n                      <div class=\"u-container-layout u-valign-top-md u-valign-top-sm u-valign-top-xs u-container-layout-1\">\n                        <img decoding=\"async\" class=\"u-image u-image-1\" src=\"http:\/\/lamiset.com\/wp-content\/uploads\/2021\/05\/28.png\" data-image-width=\"250\" data-image-height=\"1600\">\n                      <\/div>\n                    <\/div>\n                  <\/div>\n                <\/div>\n                <div class=\"u-size-34\">\n                  <div class=\"u-layout-row\">\n                    <div class=\"u-container-style u-layout-cell u-right-cell u-size-60 u-layout-cell-2\">\n                      <div class=\"u-container-layout u-container-layout-2\">\n                        <h2 class=\"u-text u-text-custom-color-23 u-text-1\">Akden\u0130z Me\u015fe<\/h2>\n                        <p class=\"u-text u-text-2\">Her mevsim yapraklar\u0131n\u0131 koruyan t\u00fcrleri olan me\u015fe a\u011fac\u0131 400 kadar \u00e7e\u015fide sahip. G\u00f6vde kal\u0131nl\u0131\u011f\u0131 ise 2 metre kadar geni\u015fleyebiliyor. T\u00fcrkiye topraklar\u0131nda do\u011fal olarak yeti\u015febilen 18 me\u015fe t\u00fcr\u00fc bulunmakta.Me\u015fe a\u011fac\u0131 anlam\u0131&nbsp;bir \u00e7ok yerde farkl\u0131 olarak yaz\u0131l\u0131p \u00e7izilse de as\u0131l olan \u015fey g\u00fcc\u00fc belirtti\u011fidir. Bir\u00e7ok inan\u0131\u015fta tanr\u0131sall\u0131\u011f\u0131 temsil eder.<\/p>\n                        <img decoding=\"async\" class=\"u-image u-image-2\" src=\"http:\/\/lamiset.com\/wp-content\/uploads\/2021\/05\/38.png\" data-image-width=\"250\" data-image-height=\"1600\">\n                        <img decoding=\"async\" class=\"u-image u-image-3\" src=\"http:\/\/lamiset.com\/wp-content\/uploads\/2021\/05\/f88fe8a07d891b2860c550733cb375c342904569c3eae1c87c8ac923e49d9f6dbea7a176ab176f7500bdb5df5813df1838d5600be33fcfc2e33062_1280.jpg\" data-image-width=\"1280\" data-image-height=\"853\">\n                        <img decoding=\"async\" class=\"u-border-12 u-border-custom-color-23 u-image u-image-4\" src=\"http:\/\/lamiset.com\/wp-content\/uploads\/2021\/05\/29d9951d70d1ab3823e1da28e7575b4e51e34ad8d9e4ef655e9fa77277eb1c9d720a29b31eafe5acde5b23f2b6507ba20a6061138ebf1ee524a05a_12801.jpg\" data-image-width=\"1280\" data-image-height=\"720\">\n                      <\/div>\n                    <\/div>\n                  <\/div>\n                <\/div>\n              <\/div>\n            <\/div>\n          <\/div>\n          <img decoding=\"async\" class=\"u-image u-image-5\" src=\"http:\/\/lamiset.com\/wp-content\/uploads\/2021\/05\/28.png\" data-image-width=\"959\" data-image-height=\"6142\">\n        <\/div>\n      <\/div>\n      <a class=\"u-absolute-vcenter u-carousel-control u-carousel-control-prev u-text-hover-custom-color-14 u-text-palette-5-base u-block-50c8-3\" href=\"#carousel_e88f\" role=\"button\" data-u-slide=\"prev\">\n        <span aria-hidden=\"true\">\n          <svg viewBox=\"0 0 477.175 477.175\"><path d=\"M145.188,238.575l215.5-215.5c5.3-5.3,5.3-13.8,0-19.1s-13.8-5.3-19.1,0l-225.1,225.1c-5.3,5.3-5.3,13.8,0,19.1l225.1,225\n                    c2.6,2.6,6.1,4,9.5,4s6.9-1.3,9.5-4c5.3-5.3,5.3-13.8,0-19.1L145.188,238.575z\"><\/path><\/svg>\n        <\/span>\n        <span class=\"sr-only\">Previous<\/span>\n      <\/a>\n      <a class=\"u-absolute-vcenter u-carousel-control u-carousel-control-next u-text-hover-custom-color-14 u-text-palette-5-base u-block-50c8-4\" href=\"#carousel_e88f\" role=\"button\" data-u-slide=\"next\">\n        <span aria-hidden=\"true\">\n          <svg viewBox=\"0 0 477.175 477.175\"><path d=\"M360.731,229.075l-225.1-225.1c-5.3-5.3-13.8-5.3-19.1,0s-5.3,13.8,0,19.1l215.5,215.5l-215.5,215.5\n                    c-5.3,5.3-5.3,13.8,0,19.1c2.6,2.6,6.1,4,9.5,4c3.4,0,6.9-1.3,9.5-4l225.1-225.1C365.931,242.875,365.931,234.275,360.731,229.075z\"><\/path><\/svg>\n        <\/span>\n        <span class=\"sr-only\">Next<\/span>\n      <\/a>\n    <\/section>\n    \n    \n    \n    \n    \n  \n<\/div>","protected":false},"excerpt":{"rendered":"<p>Akden\u0130z Me\u015fe Her mevsim yapraklar\u0131n\u0131 koruyan t\u00fcrleri olan me\u015fe a\u011fac\u0131 400 kadar \u00e7e\u015fide sahip. G\u00f6vde kal\u0131nl\u0131\u011f\u0131 ise 2 metre kadar geni\u015fleyebiliyor. T\u00fcrkiye topraklar\u0131nda do\u011fal olarak yeti\u015febilen 18 me\u015fe t\u00fcr\u00fc bulunmakta.Me\u015fe a\u011fac\u0131 anlam\u0131&nbsp;bir \u00e7ok yerde farkl\u0131 olarak yaz\u0131l\u0131p \u00e7izilse de as\u0131l olan \u015fey g\u00fcc\u00fc belirtti\u011fidir. Bir\u00e7ok inan\u0131\u015fta tanr\u0131sall\u0131\u011f\u0131 temsil eder. Previous Next<\/p>\n","protected":false},"author":1,"featured_media":0,"parent":0,"menu_order":21,"comment_status":"closed","ping_status":"closed","template":"","meta":{"footnotes":""},"class_list":["post-202","page","type-page","status-publish","hentry","entry"],"_links":{"self":[{"href":"http:\/\/lamiset.com\/index.php\/wp-json\/wp\/v2\/pages\/202","targetHints":{"allow":["GET"]}}],"collection":[{"href":"http:\/\/lamiset.com\/index.php\/wp-json\/wp\/v2\/pages"}],"about":[{"href":"http:\/\/lamiset.com\/index.php\/wp-json\/wp\/v2\/types\/page"}],"author":[{"embeddable":true,"href":"http:\/\/lamiset.com\/index.php\/wp-json\/wp\/v2\/users\/1"}],"replies":[{"embeddable":true,"href":"http:\/\/lamiset.com\/index.php\/wp-json\/wp\/v2\/comments?post=202"}],"version-history":[{"count":1,"href":"http:\/\/lamiset.com\/index.php\/wp-json\/wp\/v2\/pages\/202\/revisions"}],"predecessor-version":[{"id":238,"href":"http:\/\/lamiset.com\/index.php\/wp-json\/wp\/v2\/pages\/202\/revisions\/238"}],"wp:attachment":[{"href":"http:\/\/lamiset.com\/index.php\/wp-json\/wp\/v2\/media?parent=202"}],"curies":[{"name":"wp","href":"https:\/\/api.w.org\/{rel}","templated":true}]}}