{"id":410,"date":"2021-05-27T14:05:56","date_gmt":"2021-05-27T11:05:56","guid":{"rendered":"http:\/\/lamiset.com\/index.php\/yapistiricilar-2\/"},"modified":"2021-05-27T14:06:24","modified_gmt":"2021-05-27T11:06:24","slug":"yapistiricilar-2","status":"publish","type":"page","link":"http:\/\/lamiset.com\/index.php\/yapistiricilar-2\/","title":{"rendered":"YAPI\u015eTIRICILAR"},"content":{"rendered":"<div class=\"\" style=\"\" >\n  \n    <section class=\"u-align-right u-clearfix u-image u-shading u-section-1\" id=\"carousel_0eeb\" data-image-width=\"1280\" data-image-height=\"853\">\n      <div class=\"u-clearfix u-sheet u-sheet-1\">\n        <h2 class=\"u-align-left u-text u-text-1\">YAPI\u015eTIRICILAR<\/h2>\n        <a href=\"https:\/\/www.ebilok.com\/yapistiricilar\" class=\"u-align-left u-border-2 u-border-white u-link u-no-underline u-text-hover-palette-4-base u-text-palette-3-base u-link-1\">Sat\u0131n AL<\/a>\n        <div class=\"u-expanded-width-lg u-expanded-width-md u-expanded-width-sm u-expanded-width-xs u-list u-repeater u-list-1\">\n          <div class=\"u-align-left u-container-style u-custom-color-15 u-list-item u-repeater-item\">\n            <div class=\"u-container-layout u-similar-container u-container-layout-1\">\n              <img decoding=\"async\" src=\"http:\/\/lamiset.com\/wp-content\/uploads\/2021\/05\/akfix-blog-pu-mastik-1.jpg\" alt=\"\" class=\"u-image u-image-default u-image-1\" data-image-width=\"700\" data-image-height=\"300\" data-animation-name=\"fadeIn\" data-animation-duration=\"1000\" data-animation-delay=\"0\" data-animation-direction=\"\">\n              <h5 class=\"u-text u-text-2\">Lamiset Mastik<\/h5>\n            <\/div>\n          <\/div>\n          <div class=\"u-align-left u-container-style u-custom-color-15 u-list-item u-repeater-item\">\n            <div class=\"u-container-layout u-similar-container u-container-layout-2\">\n              <img decoding=\"async\" src=\"http:\/\/lamiset.com\/wp-content\/uploads\/2021\/05\/unnamed-1.jpg\" alt=\"\" class=\"u-image u-image-default u-image-2\" data-image-width=\"512\" data-image-height=\"327\" data-animation-name=\"fadeIn\" data-animation-duration=\"1000\" data-animation-delay=\"0\" data-animation-direction=\"\">\n              <h5 class=\"u-text u-text-3\">Lamiset Silikon<\/h5>\n            <\/div>\n          <\/div>\n          <div class=\"u-align-left u-container-style u-custom-color-15 u-list-item u-repeater-item\">\n            <div class=\"u-container-layout u-similar-container u-container-layout-3\">\n              <img decoding=\"async\" src=\"http:\/\/lamiset.com\/wp-content\/uploads\/2021\/05\/sibax-ns66-poliuretan-kopuk-600ml-1.jpg\" alt=\"\" class=\"u-image u-image-default u-image-3\" data-image-width=\"800\" data-image-height=\"800\" data-animation-name=\"fadeIn\" data-animation-duration=\"1000\" data-animation-delay=\"0\" data-animation-direction=\"\">\n              <h5 class=\"u-text u-text-4\">Lamiset K\u00f6p\u00fck<\/h5>\n            <\/div>\n          <\/div>\n          <div class=\"u-align-left u-container-style u-custom-color-15 u-list-item u-repeater-item\">\n            <div class=\"u-container-layout u-similar-container u-container-layout-4\">\n              <img decoding=\"async\" src=\"http:\/\/lamiset.com\/wp-content\/uploads\/2021\/05\/abc-mdf-kit-fast-glue-994968-1.jpg\" alt=\"\" class=\"u-image u-image-default u-image-4\" data-image-width=\"600\" data-image-height=\"600\" data-animation-name=\"fadeIn\" data-animation-duration=\"1000\" data-animation-delay=\"0\" data-animation-direction=\"\">\n              <h5 class=\"u-text u-text-5\">Lamiset H\u0131zl\u0131 Yap\u0131\u015ft\u0131r\u0131c\u0131<\/h5>\n            <\/div>\n          <\/div>\n        <\/div>\n        <a href=\"https:\/\/www.ebilok.com\/yapistiricilar\" class=\"u-btn u-button-style u-hover-palette-4-base u-palette-3-base u-btn-1\" data-animation-name=\"zoomIn\" data-animation-duration=\"1000\" data-animation-delay=\"0\" data-animation-direction=\"\">\u0130ncele<\/a>\n        <a href=\"https:\/\/www.ebilok.com\/yapistiricilar\" class=\"u-btn u-button-style u-hover-palette-4-base u-palette-3-base u-btn-2\" data-animation-name=\"zoomIn\" data-animation-duration=\"1000\" data-animation-delay=\"0\" data-animation-direction=\"\">\u0130ncele<\/a>\n        <a href=\"https:\/\/www.ebilok.com\/yapistiricilar\" class=\"u-btn u-button-style u-hover-palette-4-base u-palette-3-base u-btn-3\" data-animation-name=\"zoomIn\" data-animation-duration=\"1000\" data-animation-delay=\"0\" data-animation-direction=\"\">\u0130ncele<\/a>\n        <a href=\"https:\/\/www.ebilok.com\/yapistiricilar\" class=\"u-btn u-button-style u-hover-palette-4-base u-palette-3-base u-btn-4\" data-animation-name=\"zoomIn\" data-animation-duration=\"1000\" data-animation-delay=\"0\" data-animation-direction=\"\">\u0130ncele<\/a>\n      <\/div>\n    <\/section>\n    \n    \n    \n    \n    \n  \n<\/div>","protected":false},"excerpt":{"rendered":"<p>YAPI\u015eTIRICILAR Sat\u0131n AL Lamiset Mastik Lamiset Silikon Lamiset K\u00f6p\u00fck Lamiset H\u0131zl\u0131 Yap\u0131\u015ft\u0131r\u0131c\u0131 \u0130ncele \u0130ncele \u0130ncele \u0130ncele<\/p>\n","protected":false},"author":1,"featured_media":0,"parent":0,"menu_order":3,"comment_status":"closed","ping_status":"closed","template":"","meta":{"footnotes":""},"class_list":["post-410","page","type-page","status-publish","hentry","entry"],"_links":{"self":[{"href":"http:\/\/lamiset.com\/index.php\/wp-json\/wp\/v2\/pages\/410","targetHints":{"allow":["GET"]}}],"collection":[{"href":"http:\/\/lamiset.com\/index.php\/wp-json\/wp\/v2\/pages"}],"about":[{"href":"http:\/\/lamiset.com\/index.php\/wp-json\/wp\/v2\/types\/page"}],"author":[{"embeddable":true,"href":"http:\/\/lamiset.com\/index.php\/wp-json\/wp\/v2\/users\/1"}],"replies":[{"embeddable":true,"href":"http:\/\/lamiset.com\/index.php\/wp-json\/wp\/v2\/comments?post=410"}],"version-history":[{"count":1,"href":"http:\/\/lamiset.com\/index.php\/wp-json\/wp\/v2\/pages\/410\/revisions"}],"predecessor-version":[{"id":446,"href":"http:\/\/lamiset.com\/index.php\/wp-json\/wp\/v2\/pages\/410\/revisions\/446"}],"wp:attachment":[{"href":"http:\/\/lamiset.com\/index.php\/wp-json\/wp\/v2\/media?parent=410"}],"curies":[{"name":"wp","href":"https:\/\/api.w.org\/{rel}","templated":true}]}}