{"id":412,"date":"2021-05-27T14:05:58","date_gmt":"2021-05-27T11:05:58","guid":{"rendered":"http:\/\/lamiset.com\/index.php\/bayi-ol-2\/"},"modified":"2021-05-27T14:06:24","modified_gmt":"2021-05-27T11:06:24","slug":"bayi-ol-2","status":"publish","type":"page","link":"http:\/\/lamiset.com\/index.php\/bayi-ol-2\/","title":{"rendered":"BAY\u0130 OL"},"content":{"rendered":"<div class=\"\" style=\"\" >\n  \n    <section class=\"u-align-center u-clearfix u-image u-shading u-section-1\" id=\"carousel_9436\" data-image-width=\"1980\" data-image-height=\"924\">\n      <div class=\"u-clearfix u-sheet u-sheet-1\">\n        <div class=\"u-container-style u-gradient u-group u-group-1\">\n          <div class=\"u-container-layout u-container-layout-1\">\n            <h2 class=\"u-align-center u-text u-text-1\">Bayii Kay\u0131t Ekran\u0131<\/h2>\n            <h4 class=\"u-align-left u-text u-text-2\">\u00dcyelik Bilgileri;<\/h4>\n            <div class=\"u-expanded-width-sm u-expanded-width-xs u-form u-form-1\">\n              <form action=\"#\" method=\"POST\" class=\"u-clearfix u-form-spacing-10 u-form-vertical u-inner-form\" style=\"padding: 50px;\" source=\"custom\" name=\"form\">\n                <div class=\"u-form-email u-form-group u-form-partition-factor-2 u-form-group-1\">\n                  <label for=\"email-f18c\" class=\"u-label\">\u0130sim<\/label>\n                  <input type=\"email\" placeholder=\"\u0130sminizi Yaz\u0131n\u0131z\" id=\"email-f18c\" name=\"email\" class=\"u-grey-5 u-input u-input-rectangle u-input-1\" required=\"\">\n                <\/div>\n                <div class=\"u-form-group u-form-name u-form-partition-factor-2 u-form-group-2\">\n                  <label for=\"name-f18c\" class=\"u-label\">Soyisim<\/label>\n                  <input type=\"text\" placeholder=\"Soyad\u0131n\u0131z\u0131 Yaz\u0131n\u0131z\" id=\"name-f18c\" name=\"name\" class=\"u-grey-5 u-input u-input-rectangle u-input-2\" required=\"\">\n                <\/div>\n                <div class=\"u-form-group u-form-group-3\">\n                  <label for=\"text-3c58\" class=\"u-label u-label-3\">Firima \u00dcnvan\u0131<\/label>\n                  <input type=\"text\" placeholder=\"Firima Ad\u0131n\u0131 Giriniz\" id=\"text-3c58\" name=\"text\" class=\"u-grey-5 u-input u-input-rectangle u-input-3\">\n                <\/div>\n                <div class=\"u-form-address u-form-group u-form-group-4\">\n                  <label for=\"address-f5da\" class=\"u-label\">Vergi Dairesi<\/label>\n                  <input type=\"text\" placeholder=\"Vergi Dairesini Giriniz\" id=\"address-f5da\" name=\"address\" class=\"u-grey-5 u-input u-input-rectangle u-input-4\" required=\"\">\n                <\/div>\n                <div class=\"u-form-group u-form-phone u-form-group-5\">\n                  <label for=\"phone-e550\" class=\"u-label u-label-5\">Vergi Numaras\u0131<\/label>\n                  <input type=\"tel\" pattern=\"+?d{0,3}[s(-]?([0-9]{2,3})[s)-]?([s-]?)([0-9]{3})[s-]?([0-9]{2})[s-]?([0-9]{2})\" placeholder=\"Vergi Numaras\u0131n\u0131 Giriniz\" id=\"phone-e550\" name=\"phone\" class=\"u-grey-5 u-input u-input-rectangle u-input-5\" required=\"\">\n                <\/div>\n                <div class=\"u-form-email u-form-group u-form-group-6\">\n                  <label for=\"email-2dd6\" class=\"u-label\">TC Kimlik No<\/label>\n                  <input type=\"email\" placeholder=\"TC Kimlik No Giriniz\" id=\"email-2dd6\" name=\"email-1\" class=\"u-grey-5 u-input u-input-rectangle u-input-6\" required=\"\">\n                <\/div>\n                <div class=\"u-align-right u-form-group u-form-submit u-form-group-7\">\n                  <a href=\"https:\/\/nicepage.com\" class=\"u-border-none u-btn u-btn-submit u-button-style u-text-custom-color-13 u-btn-1\">Submit<\/a>\n                  <input type=\"submit\" value=\"submit\" class=\"u-form-control-hidden\" wfd-invisible=\"true\">\n                <\/div>\n                <div class=\"u-form-send-message u-form-send-success\" wfd-invisible=\"true\"> Thank you! Your message has been sent. <\/div>\n                <div class=\"u-form-send-error u-form-send-message\" wfd-invisible=\"true\"> Unable to send your message. Please fix errors then try again. <\/div>\n                <input type=\"hidden\" value=\"\" name=\"recaptchaResponse\" wfd-invisible=\"true\">\n              <\/form>\n            <\/div>\n            <h4 class=\"u-align-left u-text u-text-3\">\u0130leti\u015fim Bilgileri;<\/h4>\n            <div class=\"u-expanded-width-sm u-expanded-width-xs u-form u-form-2\">\n              <form action=\"#\" method=\"POST\" class=\"u-clearfix u-form-spacing-9 u-form-vertical u-inner-form\" style=\"padding: 50px;\" source=\"custom\" name=\"form\">\n                <div class=\"u-form-group u-form-name u-form-group-8\">\n                  <label for=\"name-bd4b\" class=\"u-label u-label-7\">E-Mail<\/label>\n                  <input type=\"text\" placeholder=\"E-Mail Giriniz\" id=\"name-bd4b\" name=\"name-1\" class=\"u-grey-5 u-input u-input-rectangle u-input-7\" required=\"\">\n                <\/div>\n                <div class=\"u-form-email u-form-group u-form-partition-factor-2\">\n                  <label for=\"email-f18c\" class=\"u-label u-label-8\">Cep Telefonu<\/label>\n                  <input type=\"email\" placeholder=\"\u0130leti\u015fim Numaras\u0131 Giriniz\" id=\"email-f18c\" name=\"email\" class=\"u-grey-5 u-input u-input-rectangle u-input-8\" required=\"\">\n                <\/div>\n                <div class=\"u-form-group u-form-name u-form-partition-factor-2\">\n                  <label for=\"name-f18c\" class=\"u-label u-label-9\">\u0130\u015f Telefonu<\/label>\n                  <input type=\"text\" placeholder=\"Enter your Name\" id=\"name-f18c\" name=\"name\" class=\"u-grey-5 u-input u-input-rectangle u-input-9\" required=\"\">\n                <\/div>\n                <div class=\"u-form-group u-form-message u-form-group-11\">\n                  <label for=\"message-1015\" class=\"u-label u-label-10\">Adres Bilgileri<\/label>\n                  <textarea placeholder=\"Adres Bilgileri Giriniz\" rows=\"4\" cols=\"50\" id=\"message-1015\" name=\"adres1\" class=\"u-grey-5 u-input u-input-rectangle u-input-10\" required=\"\"><\/textarea>\n                <\/div>\n                <div class=\"u-form-group u-form-partition-factor-2 u-form-select u-form-group-12\">\n                  <label for=\"select-0042\" class=\"u-label u-label-11\">\u0130l Se\u00e7iniz<\/label>\n                  <div class=\"u-form-select-wrapper\">\n                    <select id=\"select-0042\" name=\"Se\u00e7iniz\" class=\"u-grey-5 u-input u-input-rectangle u-input-11\">\n                      <option value=\"Se\u00e7iniz\">Se\u00e7iniz<\/option>\n                      <option value=\"Adana,\">Adana,<\/option>\n                      <option value=\"Ad\u0131yaman, Afyonkarahisar,\">Ad\u0131yaman, Afyonkarahisar,<\/option>\n                      <option value=\"A\u011fr\u0131,\">A\u011fr\u0131,<\/option>\n                      <option value=\"Aksaray,\">Aksaray,<\/option>\n                      <option value=\"Amasya,\">Amasya,<\/option>\n                      <option value=\"Ankara,\">Ankara,<\/option>\n                      <option value=\"Antalya,\">Antalya,<\/option>\n                      <option value=\"Ardahan,\">Ardahan,<\/option>\n                      <option value=\"Artvin,\">Artvin,<\/option>\n                      <option value=\"Ayd\u0131n,\">Ayd\u0131n,<\/option>\n                      <option value=\"Bal\u0131kesir,\">Bal\u0131kesir,<\/option>\n                      <option value=\"Bart\u0131n,\">Bart\u0131n,<\/option>\n                      <option value=\"Batman,\">Batman,<\/option>\n                      <option value=\"Bayburt,\">Bayburt,<\/option>\n                      <option value=\"Bilecik,\">Bilecik,<\/option>\n                      <option value=\"Bing\u00f6l,\">Bing\u00f6l,<\/option>\n                      <option value=\"Bitlis,\">Bitlis,<\/option>\n                      <option value=\"Bolu,\">Bolu,<\/option>\n                      <option value=\"Burdur,\">Burdur,<\/option>\n                      <option value=\"Bursa,\">Bursa,<\/option>\n                      <option value=\"\u00c7anakkale,\">\u00c7anakkale,<\/option>\n                      <option value=\"\u00c7ank\u0131r\u0131,\">\u00c7ank\u0131r\u0131,<\/option>\n                      <option value=\"\u00c7orum,\">\u00c7orum,<\/option>\n                      <option value=\"Denizli,\">Denizli,<\/option>\n                      <option value=\"Diyarbak\u0131r,\">Diyarbak\u0131r,<\/option>\n                      <option value=\"D\u00fczce,\">D\u00fczce,<\/option>\n                      <option value=\"Edirne,\">Edirne,<\/option>\n                      <option value=\"Elaz\u0131\u011f,\">Elaz\u0131\u011f,<\/option>\n                      <option value=\"Erzincan,\">Erzincan,<\/option>\n                      <option value=\"Erzurum,\">Erzurum,<\/option>\n                      <option value=\"Eski\u015fehir,\">Eski\u015fehir,<\/option>\n                      <option value=\"Gaziantep,\">Gaziantep,<\/option>\n                      <option value=\"Giresun,\">Giresun,<\/option>\n                      <option value=\"G\u00fcm\u00fc\u015fhane,\">G\u00fcm\u00fc\u015fhane,<\/option>\n                      <option value=\"Hakk\u00e2ri,\">Hakk\u00e2ri,<\/option>\n                      <option value=\"Hatay,\">Hatay,<\/option>\n                      <option value=\"I\u011fd\u0131r,\">I\u011fd\u0131r,<\/option>\n                      <option value=\"Isparta,\">Isparta,<\/option>\n                      <option value=\"\u0130stanbul,\">\u0130stanbul,<\/option>\n                      <option value=\"\u0130zmir,\">\u0130zmir,<\/option>\n                      <option value=\"Kahramanmara\u015f,\">Kahramanmara\u015f,<\/option>\n                      <option value=\"Karab\u00fck,\">Karab\u00fck,<\/option>\n                      <option value=\"Karaman,\">Karaman,<\/option>\n                      <option value=\"Kars,\">Kars,<\/option>\n                      <option value=\"Kastamonu,\">Kastamonu,<\/option>\n                      <option value=\"Kayseri,\">Kayseri,<\/option>\n                      <option value=\"Kilis,\">Kilis,<\/option>\n                      <option value=\"K\u0131r\u0131kkale,\">K\u0131r\u0131kkale,<\/option>\n                      <option value=\"K\u0131rklareli,\">K\u0131rklareli,<\/option>\n                      <option value=\"K\u0131r\u015fehir,\">K\u0131r\u015fehir,<\/option>\n                      <option value=\"Kocaeli,\">Kocaeli,<\/option>\n                      <option value=\"Konya,\">Konya,<\/option>\n                      <option value=\"K\u00fctahya,\">K\u00fctahya,<\/option>\n                      <option value=\"Malatya,\">Malatya,<\/option>\n                      <option value=\"Manisa,\">Manisa,<\/option>\n                      <option value=\"Mardin,\">Mardin,<\/option>\n                      <option value=\"Mersin,\">Mersin,<\/option>\n                      <option value=\"Mu\u011fla,\">Mu\u011fla,<\/option>\n                      <option value=\"Mu\u015f,\">Mu\u015f,<\/option>\n                      <option value=\"Nev\u015fehir,\">Nev\u015fehir,<\/option>\n                      <option value=\"Ni\u011fde,\">Ni\u011fde,<\/option>\n                      <option value=\"Ordu,\">Ordu,<\/option>\n                      <option value=\"Osmaniye,\">Osmaniye,<\/option>\n                      <option value=\"Rize,\">Rize,<\/option>\n                      <option value=\"Sakarya,\">Sakarya,<\/option>\n                      <option value=\"Samsun,\">Samsun,<\/option>\n                      <option value=\"\u015eanl\u0131urfa,\">\u015eanl\u0131urfa,<\/option>\n                      <option value=\"Siirt,\">Siirt,<\/option>\n                      <option value=\"Sinop,\">Sinop,<\/option>\n                      <option value=\"Sivas,\">Sivas,<\/option>\n                      <option value=\"\u015e\u0131rnak,\">\u015e\u0131rnak,<\/option>\n                      <option value=\"Tekirda\u011f,\">Tekirda\u011f,<\/option>\n                      <option value=\"Tokat,\">Tokat,<\/option>\n                      <option value=\"Trabzon,\">Trabzon,<\/option>\n                      <option value=\"Tunceli,\">Tunceli,<\/option>\n                      <option value=\"U\u015fak,\">U\u015fak,<\/option>\n                      <option value=\"Van,\">Van,<\/option>\n                      <option value=\"Yalova,\">Yalova,<\/option>\n                      <option value=\"Yozgat,\">Yozgat,<\/option>\n                      <option value=\"Zonguldak\">Zonguldak<\/option>\n                    <\/select>\n                    <svg xmlns=\"http:\/\/www.w3.org\/2000\/svg\" width=\"14\" height=\"12\" version=\"1\" class=\"u-caret\"><path fill=\"currentColor\" d=\"M4 8L0 4h8z\"><\/path><\/svg>\n                  <\/div>\n                <\/div>\n                <div class=\"u-form-group u-form-name u-form-partition-factor-2 u-form-group-13\">\n                  <label for=\"name-1882\" class=\"u-label u-label-12\">\u0130l\u00e7e<\/label>\n                  <input type=\"text\" placeholder=\"\u0130l\u00e7e Giriniz\" id=\"name-1882\" name=\"name-2\" class=\"u-grey-5 u-input u-input-rectangle u-input-12\" required=\"\">\n                <\/div>\n                <div class=\"u-form-group u-form-group-14\">\n                  <label for=\"text-ecd4\" class=\"u-label u-label-13\">\u015eifre<\/label>\n                  <input type=\"text\" placeholder=\"\u015eifre Olu\u015fturunuz\" id=\"text-ecd4\" name=\"text\" class=\"u-grey-5 u-input u-input-rectangle u-input-13\">\n                <\/div>\n                <div class=\"u-form-group u-form-group-15\">\n                  <label for=\"text-a333\" class=\"u-label u-label-14\">\u015eifreyi Onaylay\u0131n<\/label>\n                  <input type=\"text\" placeholder=\"\u015eifreyi Onaylay\u0131n\" id=\"text-a333\" name=\"text-1\" class=\"u-grey-5 u-input u-input-rectangle u-input-14\">\n                <\/div>\n                <div class=\"u-form-agree u-form-group u-form-group-16\">\n                  <input type=\"checkbox\" id=\"agree-23ee\" name=\"agree\" class=\"u-agree-checkbox\" required=\"\">\n                  <label for=\"agree-23ee\" class=\"u-label u-label-15\">Taraf\u0131n\u0131zdan g\u00f6nderilecek bilgilendirme e-postalar\u0131n\u0131 almak istiyorum.<\/label>\n                <\/div>\n                <div class=\"u-form-agree u-form-group u-form-group-17\">\n                  <input type=\"checkbox\" id=\"agree-f99d\" name=\"agree-1\" class=\"u-agree-checkbox\" required=\"\">\n                  <label for=\"agree-f99d\" class=\"u-label u-label-16\">Taraf\u0131n\u0131zdan g\u00f6nderilecek bilgilendirme sms'lerini almak istiyorum.<\/label>\n                <\/div>\n                <div class=\"u-form-agree u-form-group u-form-group-18\">\n                  <input type=\"checkbox\" id=\"agree-5a70\" name=\"agree-2\" class=\"u-agree-checkbox\" required=\"\">\n                  <label for=\"agree-5a70\" class=\"u-label u-label-17\">\u00dcyelik s\u00f6zle\u015fmesini Okudum, Kabul Ediyorum.<\/label>\n                <\/div>\n                <div class=\"u-align-right u-form-group u-form-submit\">\n                  <a href=\"https:\/\/nicepage.com\" class=\"u-border-1 u-border-white u-btn u-btn-submit u-button-style u-custom-color-1 u-text-white u-btn-2\">Bay\u0130 ol<br>\n                  <\/a>\n                  <input type=\"submit\" value=\"submit\" class=\"u-form-control-hidden\" wfd-invisible=\"true\">\n                <\/div>\n                <div class=\"u-form-send-message u-form-send-success\" wfd-invisible=\"true\"> Thank you! Your message has been sent. <\/div>\n                <div class=\"u-form-send-error u-form-send-message\" wfd-invisible=\"true\"> Unable to send your message. Please fix errors then try again. <\/div>\n                <input type=\"hidden\" value=\"\" name=\"recaptchaResponse\" wfd-invisible=\"true\">\n              <\/form>\n            <\/div>\n          <\/div>\n        <\/div>\n      <\/div>\n    <\/section>\n    \n    \n    \n    \n    \n  \n<\/div>","protected":false},"excerpt":{"rendered":"<p>Bayii Kay\u0131t Ekran\u0131 \u00dcyelik Bilgileri; \u0130sim Soyisim Firima \u00dcnvan\u0131 Vergi Dairesi Vergi Numaras\u0131 TC Kimlik No Submit Thank you! Your message has been sent. Unable to send your message. Please fix errors then try again. \u0130leti\u015fim Bilgileri; E-Mail Cep Telefonu \u0130\u015f Telefonu Adres Bilgileri \u0130l Se\u00e7iniz Se\u00e7iniz Adana, Ad\u0131yaman, Afyonkarahisar, A\u011fr\u0131, Aksaray, Amasya, Ankara, Antalya,&hellip; <a class=\"more-link\" href=\"http:\/\/lamiset.com\/index.php\/bayi-ol-2\/\">Okumaya devam et <span class=\"screen-reader-text\">BAY\u0130 OL<\/span><\/a><\/p>\n","protected":false},"author":1,"featured_media":0,"parent":0,"menu_order":5,"comment_status":"closed","ping_status":"closed","template":"","meta":{"footnotes":""},"class_list":["post-412","page","type-page","status-publish","hentry","entry"],"_links":{"self":[{"href":"http:\/\/lamiset.com\/index.php\/wp-json\/wp\/v2\/pages\/412","targetHints":{"allow":["GET"]}}],"collection":[{"href":"http:\/\/lamiset.com\/index.php\/wp-json\/wp\/v2\/pages"}],"about":[{"href":"http:\/\/lamiset.com\/index.php\/wp-json\/wp\/v2\/types\/page"}],"author":[{"embeddable":true,"href":"http:\/\/lamiset.com\/index.php\/wp-json\/wp\/v2\/users\/1"}],"replies":[{"embeddable":true,"href":"http:\/\/lamiset.com\/index.php\/wp-json\/wp\/v2\/comments?post=412"}],"version-history":[{"count":1,"href":"http:\/\/lamiset.com\/index.php\/wp-json\/wp\/v2\/pages\/412\/revisions"}],"predecessor-version":[{"id":448,"href":"http:\/\/lamiset.com\/index.php\/wp-json\/wp\/v2\/pages\/412\/revisions\/448"}],"wp:attachment":[{"href":"http:\/\/lamiset.com\/index.php\/wp-json\/wp\/v2\/media?parent=412"}],"curies":[{"name":"wp","href":"https:\/\/api.w.org\/{rel}","templated":true}]}}