{"id":413,"date":"2021-05-27T14:05:59","date_gmt":"2021-05-27T11:05:59","guid":{"rendered":"http:\/\/lamiset.com\/index.php\/anemon-fuga-2\/"},"modified":"2021-05-27T14:06:24","modified_gmt":"2021-05-27T11:06:24","slug":"anemon-fuga-2","status":"publish","type":"page","link":"http:\/\/lamiset.com\/index.php\/anemon-fuga-2\/","title":{"rendered":"ANEMON FUGA"},"content":{"rendered":"<div class=\"\" style=\"\" >\n  \n    <section class=\"u-carousel u-slide u-valign-middle u-block-2f1f-1\" id=\"carousel_e88f\" data-interval=\"5000\" data-u-ride=\"carousel\">\n      <ol class=\"u-absolute-hcenter u-carousel-indicators u-block-2f1f-2\">\n        <li data-u-target=\"#carousel_e88f\" data-u-slide-to=\"0\" class=\"u-active u-grey-30\"><\/li>\n      <\/ol>\n      <div class=\"u-carousel-inner\" role=\"listbox\">\n        <div class=\"u-active u-align-center u-carousel-item u-clearfix u-palette-3-dark-3 u-section-1-1\">\n          <div class=\"u-clearfix u-layout-wrap u-layout-wrap-1\">\n            <div class=\"u-gutter-0 u-layout\">\n              <div class=\"u-layout-row\">\n                <div class=\"u-size-26\">\n                  <div class=\"u-layout-col\">\n                    <div class=\"u-container-style u-layout-cell u-left-cell u-size-60 u-layout-cell-1\">\n                      <div class=\"u-container-layout u-container-layout-1\">\n                        <img decoding=\"async\" class=\"u-image u-image-1\" src=\"http:\/\/lamiset.com\/wp-content\/uploads\/2021\/05\/29-1.png\" data-image-width=\"250\" data-image-height=\"1600\">\n                      <\/div>\n                    <\/div>\n                  <\/div>\n                <\/div>\n                <div class=\"u-size-34\">\n                  <div class=\"u-layout-row\">\n                    <div class=\"u-container-style u-layout-cell u-right-cell u-size-60 u-layout-cell-2\">\n                      <div class=\"u-container-layout u-container-layout-2\">\n                        <h2 class=\"u-text u-text-custom-color-24 u-text-1\">ANEMON FUGA&nbsp;<\/h2>\n                        <p class=\"u-text u-text-2\">\u015eemsiye g\u00f6r\u00fcn\u00fcml\u00fc \u00e7i\u00e7eklerde \u00e7anak yaprakl\u0131lar 5 adet veya daha fazla, ta\u00e7 yaprak gibi renklere sahiptir. Fakat ta\u00e7 yaprak g\u00f6r\u00fcn\u00fcm\u00fcnde olmad\u0131klar\u0131 gibi ta\u00e7 yapraklar\u0131 yoktur. \u00dc\u00e7l\u00fc veya el parmakl\u0131 \u015fekilli g\u00f6rselli\u011fe sahiptirler. Yapraklar\u0131 k\u00f6ke yak\u0131n k\u0131s\u0131mlarda bulunmaktad\u0131r.<\/p>\n                        <img decoding=\"async\" class=\"u-image u-image-2\" src=\"http:\/\/lamiset.com\/wp-content\/uploads\/2021\/05\/51-1.png\" data-image-width=\"959\" data-image-height=\"6142\">\n                        <img decoding=\"async\" class=\"u-image u-image-3\" src=\"http:\/\/lamiset.com\/wp-content\/uploads\/2021\/05\/d67fd687d229ae970ad786b6597af82907d9479a1f3a7027efb800b2fbca3dcfe238377966219f8e679e0874bf9997c89bd8305d2123b4b606590f_1280-1.jpg\" data-image-width=\"1280\" data-image-height=\"853\">\n                        <img decoding=\"async\" class=\"u-border-12 u-border-custom-color-24 u-image u-image-4\" src=\"http:\/\/lamiset.com\/wp-content\/uploads\/2021\/05\/aae75989ab11c28013fd1d46ad3503e848969aaeb875d8f9f943c33dfe91d5b1547479b53338fb8197abbd5a66f024d64cf3244ec0bd7e4763f315_12801-1.jpg\" data-image-width=\"1280\" data-image-height=\"960\">\n                      <\/div>\n                    <\/div>\n                  <\/div>\n                <\/div>\n              <\/div>\n            <\/div>\n          <\/div>\n          <img decoding=\"async\" class=\"u-image u-image-5\" src=\"http:\/\/lamiset.com\/wp-content\/uploads\/2021\/05\/41-1.png\" data-image-width=\"250\" data-image-height=\"1600\">\n        <\/div>\n      <\/div>\n      <a class=\"u-absolute-vcenter u-carousel-control u-carousel-control-prev u-text-grey-30 u-block-2f1f-3\" href=\"#carousel_e88f\" role=\"button\" data-u-slide=\"prev\">\n        <span aria-hidden=\"true\">\n          <svg viewBox=\"0 0 477.175 477.175\"><path d=\"M145.188,238.575l215.5-215.5c5.3-5.3,5.3-13.8,0-19.1s-13.8-5.3-19.1,0l-225.1,225.1c-5.3,5.3-5.3,13.8,0,19.1l225.1,225\n                    c2.6,2.6,6.1,4,9.5,4s6.9-1.3,9.5-4c5.3-5.3,5.3-13.8,0-19.1L145.188,238.575z\"><\/path><\/svg>\n        <\/span>\n        <span class=\"sr-only\">Previous<\/span>\n      <\/a>\n      <a class=\"u-absolute-vcenter u-carousel-control u-carousel-control-next u-text-grey-30 u-block-2f1f-4\" href=\"#carousel_e88f\" role=\"button\" data-u-slide=\"next\">\n        <span aria-hidden=\"true\">\n          <svg viewBox=\"0 0 477.175 477.175\"><path d=\"M360.731,229.075l-225.1-225.1c-5.3-5.3-13.8-5.3-19.1,0s-5.3,13.8,0,19.1l215.5,215.5l-215.5,215.5\n                    c-5.3,5.3-5.3,13.8,0,19.1c2.6,2.6,6.1,4,9.5,4c3.4,0,6.9-1.3,9.5-4l225.1-225.1C365.931,242.875,365.931,234.275,360.731,229.075z\"><\/path><\/svg>\n        <\/span>\n        <span class=\"sr-only\">Next<\/span>\n      <\/a>\n    <\/section>\n    \n    \n    \n    \n    \n  \n<\/div>","protected":false},"excerpt":{"rendered":"<p>ANEMON FUGA&nbsp; \u015eemsiye g\u00f6r\u00fcn\u00fcml\u00fc \u00e7i\u00e7eklerde \u00e7anak yaprakl\u0131lar 5 adet veya daha fazla, ta\u00e7 yaprak gibi renklere sahiptir. Fakat ta\u00e7 yaprak g\u00f6r\u00fcn\u00fcm\u00fcnde olmad\u0131klar\u0131 gibi ta\u00e7 yapraklar\u0131 yoktur. \u00dc\u00e7l\u00fc veya el parmakl\u0131 \u015fekilli g\u00f6rselli\u011fe sahiptirler. Yapraklar\u0131 k\u00f6ke yak\u0131n k\u0131s\u0131mlarda bulunmaktad\u0131r. Previous Next<\/p>\n","protected":false},"author":1,"featured_media":0,"parent":0,"menu_order":6,"comment_status":"closed","ping_status":"closed","template":"","meta":{"footnotes":""},"class_list":["post-413","page","type-page","status-publish","hentry","entry"],"_links":{"self":[{"href":"http:\/\/lamiset.com\/index.php\/wp-json\/wp\/v2\/pages\/413","targetHints":{"allow":["GET"]}}],"collection":[{"href":"http:\/\/lamiset.com\/index.php\/wp-json\/wp\/v2\/pages"}],"about":[{"href":"http:\/\/lamiset.com\/index.php\/wp-json\/wp\/v2\/types\/page"}],"author":[{"embeddable":true,"href":"http:\/\/lamiset.com\/index.php\/wp-json\/wp\/v2\/users\/1"}],"replies":[{"embeddable":true,"href":"http:\/\/lamiset.com\/index.php\/wp-json\/wp\/v2\/comments?post=413"}],"version-history":[{"count":1,"href":"http:\/\/lamiset.com\/index.php\/wp-json\/wp\/v2\/pages\/413\/revisions"}],"predecessor-version":[{"id":449,"href":"http:\/\/lamiset.com\/index.php\/wp-json\/wp\/v2\/pages\/413\/revisions\/449"}],"wp:attachment":[{"href":"http:\/\/lamiset.com\/index.php\/wp-json\/wp\/v2\/media?parent=413"}],"curies":[{"name":"wp","href":"https:\/\/api.w.org\/{rel}","templated":true}]}}