{"id":414,"date":"2021-05-27T14:06:00","date_gmt":"2021-05-27T11:06:00","guid":{"rendered":"http:\/\/lamiset.com\/index.php\/zerdecal-2\/"},"modified":"2021-05-27T14:06:25","modified_gmt":"2021-05-27T11:06:25","slug":"zerdecal-2","status":"publish","type":"page","link":"http:\/\/lamiset.com\/index.php\/zerdecal-2\/","title":{"rendered":"ZERDE\u00c7AL"},"content":{"rendered":"<div class=\"\" style=\"\" >\n  \n    <section class=\"u-carousel u-slide u-valign-middle u-block-7265-1\" id=\"carousel_e88f\" data-interval=\"5000\" data-u-ride=\"carousel\">\n      <ol class=\"u-absolute-hcenter u-carousel-indicators u-block-7265-2\">\n        <li data-u-target=\"#carousel_e88f\" data-u-slide-to=\"0\" class=\"u-active u-grey-30\"><\/li>\n      <\/ol>\n      <div class=\"u-carousel-inner\" role=\"listbox\">\n        <div class=\"u-active u-align-center u-carousel-item u-clearfix u-palette-3-dark-3 u-section-1-1\">\n          <div class=\"u-clearfix u-layout-wrap u-layout-wrap-1\">\n            <div class=\"u-gutter-0 u-layout\">\n              <div class=\"u-layout-row\">\n                <div class=\"u-size-26\">\n                  <div class=\"u-layout-col\">\n                    <div class=\"u-container-style u-layout-cell u-left-cell u-size-60 u-layout-cell-1\">\n                      <div class=\"u-container-layout u-valign-top-md u-valign-top-sm u-valign-top-xs u-container-layout-1\">\n                        <img decoding=\"async\" class=\"u-image u-image-1\" src=\"http:\/\/lamiset.com\/wp-content\/uploads\/2021\/05\/310-1.png\" data-image-width=\"250\" data-image-height=\"1600\">\n                      <\/div>\n                    <\/div>\n                  <\/div>\n                <\/div>\n                <div class=\"u-size-34\">\n                  <div class=\"u-layout-row\">\n                    <div class=\"u-container-style u-layout-cell u-right-cell u-size-60 u-layout-cell-2\">\n                      <div class=\"u-container-layout u-container-layout-2\">\n                        <h2 class=\"u-text u-text-custom-color-25 u-text-1\">ZERDE\u00c7AL<\/h2>\n                        <p class=\"u-text u-text-2\">Zingiberaceae (Zencefilgiller) familyas\u0131n\u0131n&nbsp;Curcuma longa&nbsp;t\u00fcr\u00fc yani&nbsp;zerde\u00e7al&nbsp;aromal\u0131 ve renklendirici \u00f6zellikli rizomlara sahiptir. \u0130lkbaharda rizomlardan uzayan her bir s\u00fcrg\u00fcn geli\u015ferek ortalama on tane yaprak verir. O s\u0131rada toprak alt\u0131nda yeni rizomlar (yumrular) olu\u015fur. \u0130ri ve g\u00f6steri\u015fli olan yapraklar\u0131n\u0131n saplar\u0131 i\u00e7 i\u00e7e geli\u015fmi\u015f haldedir ve yalanc\u0131 g\u00f6vde olu\u015ftururlar. Yerden 1m kadar y\u00fckselebiliyorlar.<\/p>\n                        <img decoding=\"async\" class=\"u-image u-image-2\" src=\"http:\/\/lamiset.com\/wp-content\/uploads\/2021\/05\/210-1.png\" data-image-width=\"250\" data-image-height=\"1600\">\n                        <img decoding=\"async\" class=\"u-image u-image-3\" src=\"http:\/\/lamiset.com\/wp-content\/uploads\/2021\/05\/84b76262aa7d3be4fcd5e4335cc42b8ecfdfddf1c97fd32adf3c09fe6cab35bb909820f651b7a6d525bd0c59f54b7c92a5992a80c290391e8b6091_1280-1.jpg\" data-image-width=\"150\" data-image-height=\"99\">\n                        <img decoding=\"async\" class=\"u-border-12 u-border-custom-color-25 u-image u-image-4\" src=\"http:\/\/lamiset.com\/wp-content\/uploads\/2021\/05\/901b0f2a68e5a2add988139b99fd73d4d193ec65a8f71ab96b86df9c76c455d69736fc34aa3699a00e8198c3fa76c1d55cf094628a7b6da320599e_12801-1.jpg\" data-image-width=\"1280\" data-image-height=\"853\">\n                      <\/div>\n                    <\/div>\n                  <\/div>\n                <\/div>\n              <\/div>\n            <\/div>\n          <\/div>\n          <img decoding=\"async\" class=\"u-image u-image-5\" src=\"http:\/\/lamiset.com\/wp-content\/uploads\/2021\/05\/210-1.png\" data-image-width=\"959\" data-image-height=\"6142\">\n        <\/div>\n      <\/div>\n      <a class=\"u-absolute-vcenter u-carousel-control u-carousel-control-prev u-text-grey-30 u-block-7265-3\" href=\"#carousel_e88f\" role=\"button\" data-u-slide=\"prev\">\n        <span aria-hidden=\"true\">\n          <svg viewBox=\"0 0 477.175 477.175\"><path d=\"M145.188,238.575l215.5-215.5c5.3-5.3,5.3-13.8,0-19.1s-13.8-5.3-19.1,0l-225.1,225.1c-5.3,5.3-5.3,13.8,0,19.1l225.1,225\n                    c2.6,2.6,6.1,4,9.5,4s6.9-1.3,9.5-4c5.3-5.3,5.3-13.8,0-19.1L145.188,238.575z\"><\/path><\/svg>\n        <\/span>\n        <span class=\"sr-only\">Previous<\/span>\n      <\/a>\n      <a class=\"u-absolute-vcenter u-carousel-control u-carousel-control-next u-text-grey-30 u-block-7265-4\" href=\"#carousel_e88f\" role=\"button\" data-u-slide=\"next\">\n        <span aria-hidden=\"true\">\n          <svg viewBox=\"0 0 477.175 477.175\"><path d=\"M360.731,229.075l-225.1-225.1c-5.3-5.3-13.8-5.3-19.1,0s-5.3,13.8,0,19.1l215.5,215.5l-215.5,215.5\n                    c-5.3,5.3-5.3,13.8,0,19.1c2.6,2.6,6.1,4,9.5,4c3.4,0,6.9-1.3,9.5-4l225.1-225.1C365.931,242.875,365.931,234.275,360.731,229.075z\"><\/path><\/svg>\n        <\/span>\n        <span class=\"sr-only\">Next<\/span>\n      <\/a>\n    <\/section>\n    \n    \n    \n    \n    \n  \n<\/div>","protected":false},"excerpt":{"rendered":"<p>ZERDE\u00c7AL Zingiberaceae (Zencefilgiller) familyas\u0131n\u0131n&nbsp;Curcuma longa&nbsp;t\u00fcr\u00fc yani&nbsp;zerde\u00e7al&nbsp;aromal\u0131 ve renklendirici \u00f6zellikli rizomlara sahiptir. \u0130lkbaharda rizomlardan uzayan her bir s\u00fcrg\u00fcn geli\u015ferek ortalama on tane yaprak verir. O s\u0131rada toprak alt\u0131nda yeni rizomlar (yumrular) olu\u015fur. \u0130ri ve g\u00f6steri\u015fli olan yapraklar\u0131n\u0131n saplar\u0131 i\u00e7 i\u00e7e geli\u015fmi\u015f haldedir ve yalanc\u0131 g\u00f6vde olu\u015ftururlar. Yerden 1m kadar y\u00fckselebiliyorlar. Previous Next<\/p>\n","protected":false},"author":1,"featured_media":0,"parent":0,"menu_order":7,"comment_status":"closed","ping_status":"closed","template":"","meta":{"footnotes":""},"class_list":["post-414","page","type-page","status-publish","hentry","entry"],"_links":{"self":[{"href":"http:\/\/lamiset.com\/index.php\/wp-json\/wp\/v2\/pages\/414","targetHints":{"allow":["GET"]}}],"collection":[{"href":"http:\/\/lamiset.com\/index.php\/wp-json\/wp\/v2\/pages"}],"about":[{"href":"http:\/\/lamiset.com\/index.php\/wp-json\/wp\/v2\/types\/page"}],"author":[{"embeddable":true,"href":"http:\/\/lamiset.com\/index.php\/wp-json\/wp\/v2\/users\/1"}],"replies":[{"embeddable":true,"href":"http:\/\/lamiset.com\/index.php\/wp-json\/wp\/v2\/comments?post=414"}],"version-history":[{"count":1,"href":"http:\/\/lamiset.com\/index.php\/wp-json\/wp\/v2\/pages\/414\/revisions"}],"predecessor-version":[{"id":450,"href":"http:\/\/lamiset.com\/index.php\/wp-json\/wp\/v2\/pages\/414\/revisions\/450"}],"wp:attachment":[{"href":"http:\/\/lamiset.com\/index.php\/wp-json\/wp\/v2\/media?parent=414"}],"curies":[{"name":"wp","href":"https:\/\/api.w.org\/{rel}","templated":true}]}}