{"id":416,"date":"2021-05-27T14:06:02","date_gmt":"2021-05-27T11:06:02","guid":{"rendered":"http:\/\/lamiset.com\/index.php\/lilyum-2\/"},"modified":"2021-05-27T14:06:25","modified_gmt":"2021-05-27T11:06:25","slug":"lilyum-2","status":"publish","type":"page","link":"http:\/\/lamiset.com\/index.php\/lilyum-2\/","title":{"rendered":"L\u0130LYUM"},"content":{"rendered":"<div class=\"\" style=\"\" >\n  \n    <section class=\"u-carousel u-slide u-valign-middle u-block-c06c-1\" id=\"carousel_e88f\" data-interval=\"5000\" data-u-ride=\"carousel\">\n      <ol class=\"u-absolute-hcenter u-carousel-indicators u-block-c06c-2\">\n        <li data-u-target=\"#carousel_e88f\" data-u-slide-to=\"0\" class=\"u-active u-grey-30\"><\/li>\n      <\/ol>\n      <div class=\"u-carousel-inner\" role=\"listbox\">\n        <div class=\"u-active u-align-center u-carousel-item u-clearfix u-palette-3-dark-3 u-section-1-1\">\n          <div class=\"u-clearfix u-layout-wrap u-layout-wrap-1\">\n            <div class=\"u-gutter-0 u-layout\">\n              <div class=\"u-layout-row\">\n                <div class=\"u-size-26\">\n                  <div class=\"u-layout-col\">\n                    <div class=\"u-container-style u-layout-cell u-left-cell u-size-60 u-layout-cell-1\">\n                      <div class=\"u-container-layout u-valign-top-md u-valign-top-sm u-valign-top-xs u-container-layout-1\">\n                        <img decoding=\"async\" class=\"u-image u-image-1\" src=\"http:\/\/lamiset.com\/wp-content\/uploads\/2021\/05\/35-1.png\" data-image-width=\"250\" data-image-height=\"1600\">\n                      <\/div>\n                    <\/div>\n                  <\/div>\n                <\/div>\n                <div class=\"u-size-34\">\n                  <div class=\"u-layout-row\">\n                    <div class=\"u-container-style u-layout-cell u-right-cell u-size-60 u-layout-cell-2\">\n                      <div class=\"u-container-layout u-container-layout-2\">\n                        <h2 class=\"u-text u-text-custom-color-18 u-text-1\">L\u0130LYUM<\/h2>\n                        <p class=\"u-text u-text-2\">Zambakgiller familyas\u0131na ait olan Lilyum (Lillium) \u00e7i\u00e7e\u011fi, y\u0131l\u0131n \u00e7e\u015fitli zamanlar\u0131nda \u00e7i\u00e7ek a\u00e7abilirler. Beyaz, sar\u0131, pembe tonlar\u0131nda olabilen bu \u00e7i\u00e7ek g\u00fczel kokusu ile bilinir. En fazla kokuya sahip olan Lilyum \u00e7i\u00e7e\u011fi genellikle beyaz olanlard\u0131r. Di\u011fer renkleri koku bak\u0131m\u0131ndan daha hafiftir\u00c7o\u011funlukla \u00e7i\u00e7e\u011finin ta\u00e7 yapra\u011f\u0131n\u0131n i\u00e7 k\u0131sm\u0131nda \u00e7i\u00e7e\u011fin renginin koyu tonlar\u0131nda benekler ta\u015f\u0131rlar.<\/p>\n                        <img decoding=\"async\" class=\"u-image u-image-2\" src=\"http:\/\/lamiset.com\/wp-content\/uploads\/2021\/05\/26-1.png\" data-image-width=\"250\" data-image-height=\"1600\">\n                        <img decoding=\"async\" class=\"u-image u-image-3\" src=\"http:\/\/lamiset.com\/wp-content\/uploads\/2021\/05\/b652ee1a468a1188755ad4a93e757eec6875d787095e962b9f7152a74c0138dde084892306a59eab3c351f52b98c57678b21c6186de6659475fdcc_1280-1.jpg\" data-image-width=\"1280\" data-image-height=\"809\">\n                        <img decoding=\"async\" class=\"u-border-12 u-border-custom-color-18 u-image u-image-4\" src=\"http:\/\/lamiset.com\/wp-content\/uploads\/2021\/05\/43a87d5f3de681319ab42793094824aa7f60f0ffb853fd09db9e91fd442daca0a6c645504e6a78bc0eef87d907b49617f09f5c4cd250dbf455c205_1280-1.jpg\" data-image-width=\"1280\" data-image-height=\"853\">\n                      <\/div>\n                    <\/div>\n                  <\/div>\n                <\/div>\n              <\/div>\n            <\/div>\n          <\/div>\n          <img decoding=\"async\" class=\"u-image u-image-5\" src=\"http:\/\/lamiset.com\/wp-content\/uploads\/2021\/05\/15-1.png\" data-image-width=\"250\" data-image-height=\"1600\">\n        <\/div>\n      <\/div>\n      <a class=\"u-absolute-vcenter u-carousel-control u-carousel-control-prev u-text-hover-custom-color-14 u-text-palette-5-base u-block-c06c-3\" href=\"#carousel_e88f\" role=\"button\" data-u-slide=\"prev\">\n        <span aria-hidden=\"true\">\n          <svg viewBox=\"0 0 477.175 477.175\"><path d=\"M145.188,238.575l215.5-215.5c5.3-5.3,5.3-13.8,0-19.1s-13.8-5.3-19.1,0l-225.1,225.1c-5.3,5.3-5.3,13.8,0,19.1l225.1,225\n                    c2.6,2.6,6.1,4,9.5,4s6.9-1.3,9.5-4c5.3-5.3,5.3-13.8,0-19.1L145.188,238.575z\"><\/path><\/svg>\n        <\/span>\n        <span class=\"sr-only\">Previous<\/span>\n      <\/a>\n      <a class=\"u-absolute-vcenter u-carousel-control u-carousel-control-next u-text-hover-custom-color-14 u-text-palette-5-base u-block-c06c-4\" href=\"#carousel_e88f\" role=\"button\" data-u-slide=\"next\">\n        <span aria-hidden=\"true\">\n          <svg viewBox=\"0 0 477.175 477.175\"><path d=\"M360.731,229.075l-225.1-225.1c-5.3-5.3-13.8-5.3-19.1,0s-5.3,13.8,0,19.1l215.5,215.5l-215.5,215.5\n                    c-5.3,5.3-5.3,13.8,0,19.1c2.6,2.6,6.1,4,9.5,4c3.4,0,6.9-1.3,9.5-4l225.1-225.1C365.931,242.875,365.931,234.275,360.731,229.075z\"><\/path><\/svg>\n        <\/span>\n        <span class=\"sr-only\">Next<\/span>\n      <\/a>\n    <\/section>\n    \n    \n    \n    \n    \n  \n<\/div>","protected":false},"excerpt":{"rendered":"<p>L\u0130LYUM Zambakgiller familyas\u0131na ait olan Lilyum (Lillium) \u00e7i\u00e7e\u011fi, y\u0131l\u0131n \u00e7e\u015fitli zamanlar\u0131nda \u00e7i\u00e7ek a\u00e7abilirler. Beyaz, sar\u0131, pembe tonlar\u0131nda olabilen bu \u00e7i\u00e7ek g\u00fczel kokusu ile bilinir. En fazla kokuya sahip olan Lilyum \u00e7i\u00e7e\u011fi genellikle beyaz olanlard\u0131r. Di\u011fer renkleri koku bak\u0131m\u0131ndan daha hafiftir\u00c7o\u011funlukla \u00e7i\u00e7e\u011finin ta\u00e7 yapra\u011f\u0131n\u0131n i\u00e7 k\u0131sm\u0131nda \u00e7i\u00e7e\u011fin renginin koyu tonlar\u0131nda benekler ta\u015f\u0131rlar. Previous Next<\/p>\n","protected":false},"author":1,"featured_media":0,"parent":0,"menu_order":9,"comment_status":"closed","ping_status":"closed","template":"","meta":{"footnotes":""},"class_list":["post-416","page","type-page","status-publish","hentry","entry"],"_links":{"self":[{"href":"http:\/\/lamiset.com\/index.php\/wp-json\/wp\/v2\/pages\/416","targetHints":{"allow":["GET"]}}],"collection":[{"href":"http:\/\/lamiset.com\/index.php\/wp-json\/wp\/v2\/pages"}],"about":[{"href":"http:\/\/lamiset.com\/index.php\/wp-json\/wp\/v2\/types\/page"}],"author":[{"embeddable":true,"href":"http:\/\/lamiset.com\/index.php\/wp-json\/wp\/v2\/users\/1"}],"replies":[{"embeddable":true,"href":"http:\/\/lamiset.com\/index.php\/wp-json\/wp\/v2\/comments?post=416"}],"version-history":[{"count":1,"href":"http:\/\/lamiset.com\/index.php\/wp-json\/wp\/v2\/pages\/416\/revisions"}],"predecessor-version":[{"id":452,"href":"http:\/\/lamiset.com\/index.php\/wp-json\/wp\/v2\/pages\/416\/revisions\/452"}],"wp:attachment":[{"href":"http:\/\/lamiset.com\/index.php\/wp-json\/wp\/v2\/media?parent=416"}],"curies":[{"name":"wp","href":"https:\/\/api.w.org\/{rel}","templated":true}]}}