{"id":417,"date":"2021-05-27T14:06:03","date_gmt":"2021-05-27T11:06:03","guid":{"rendered":"http:\/\/lamiset.com\/index.php\/supurgelikler-2\/"},"modified":"2021-05-27T14:06:25","modified_gmt":"2021-05-27T11:06:25","slug":"supurgelikler-2","status":"publish","type":"page","link":"http:\/\/lamiset.com\/index.php\/supurgelikler-2\/","title":{"rendered":"S\u00fcp\u00fcrgelikler"},"content":{"rendered":"<div class=\"\" style=\"\" >\n  \n    <section class=\"u-align-right u-clearfix u-image u-shading u-section-1\" id=\"carousel_0eeb\" data-image-width=\"1280\" data-image-height=\"853\">\n      <div class=\"u-clearfix u-sheet u-sheet-1\">\n        <h2 class=\"u-align-left u-text u-text-1\">LAM\u0130SET S\u00dcP\u00dcRGEL\u0130K<\/h2>\n        <a href=\"#\" class=\"u-align-left u-border-2 u-border-white u-link u-no-underline u-text-hover-palette-4-base u-text-palette-3-base u-link-1\">Sat\u0131n AL<\/a>\n        <div class=\"u-expanded-width-lg u-expanded-width-md u-expanded-width-sm u-expanded-width-xs u-list u-repeater u-list-1\">\n          <div class=\"u-align-left u-container-style u-custom-color-15 u-list-item u-repeater-item\">\n            <div class=\"u-container-layout u-similar-container u-container-layout-1\">\n              <img decoding=\"async\" src=\"http:\/\/lamiset.com\/wp-content\/uploads\/2021\/05\/b_gullhane-66054-1.jpg\" alt=\"\" class=\"u-image u-image-default u-image-1\" data-image-width=\"570\" data-image-height=\"338\" data-animation-name=\"fadeIn\" data-animation-duration=\"1000\" data-animation-delay=\"0\" data-animation-direction=\"\">\n              <h5 class=\"u-text u-text-2\">Lamiset G\u00fclhane&nbsp;<\/h5>\n              <p class=\"u-text u-text-3\">Kal\u0131nl\u0131k Se\u00e7enekleri;<br>-10mm<br>-12mm<br>-14mm<br>-16mm\n              <\/p>\n            <\/div>\n          <\/div>\n          <div class=\"u-align-left u-container-style u-custom-color-15 u-list-item u-repeater-item\">\n            <div class=\"u-container-layout u-similar-container u-container-layout-2\">\n              <img decoding=\"async\" src=\"http:\/\/lamiset.com\/wp-content\/uploads\/2021\/05\/b_top-kapi-74115-1.jpg\" alt=\"\" class=\"u-image u-image-default u-image-2\" data-image-width=\"570\" data-image-height=\"338\" data-animation-name=\"fadeIn\" data-animation-duration=\"1000\" data-animation-delay=\"0\" data-animation-direction=\"\">\n              <h5 class=\"u-text u-text-4\">Topkap\u0131 S\u00fcp\u00fcrgelik<\/h5>\n              <p class=\"u-text u-text-5\">Kal\u0131nl\u0131k Se\u00e7enekleri;<br>-10mm<br>-12mm<br>-14mm<br>-16mm\n              <\/p>\n            <\/div>\n          <\/div>\n          <div class=\"u-align-left u-container-style u-custom-color-15 u-list-item u-repeater-item\">\n            <div class=\"u-container-layout u-similar-container u-container-layout-3\">\n              <img decoding=\"async\" src=\"http:\/\/lamiset.com\/wp-content\/uploads\/2021\/05\/b_niihavent-49224-1.jpg\" alt=\"\" class=\"u-image u-image-default u-image-3\" data-image-width=\"570\" data-image-height=\"338\" data-animation-name=\"fadeIn\" data-animation-duration=\"1000\" data-animation-delay=\"0\" data-animation-direction=\"\">\n              <h5 class=\"u-text u-text-6\">Nihavent S\u00fcp\u00fcrgelik<\/h5>\n              <p class=\"u-text u-text-7\">Kal\u0131nl\u0131k Se\u00e7enekleri;<br>-14mm<br>-16mm\n              <\/p>\n            <\/div>\n          <\/div>\n          <div class=\"u-align-left u-container-style u-custom-color-15 u-list-item u-repeater-item\">\n            <div class=\"u-container-layout u-similar-container u-container-layout-4\">\n              <img decoding=\"async\" src=\"http:\/\/lamiset.com\/wp-content\/uploads\/2021\/05\/b_mmavera-65175-1.jpg\" alt=\"\" class=\"u-image u-image-default u-image-4\" data-image-width=\"570\" data-image-height=\"338\" data-animation-name=\"fadeIn\" data-animation-duration=\"1000\" data-animation-delay=\"0\" data-animation-direction=\"\">\n              <h5 class=\"u-text u-text-8\">Mavera S\u00fcp\u00fcrgelik<\/h5>\n              <p class=\"u-text u-text-9\">Kal\u0131nl\u0131k Se\u00e7enekleri;<br>-12mm<br>-14mm<br>\n                <br>\n              <\/p>\n            <\/div>\n          <\/div>\n        <\/div>\n        <a href=\"#\" class=\"u-btn u-button-style u-hover-palette-4-base u-palette-3-base u-btn-1\" data-animation-name=\"zoomIn\" data-animation-duration=\"1000\" data-animation-delay=\"0\" data-animation-direction=\"\">\u0130ncele<\/a>\n        <a href=\"#\" class=\"u-btn u-button-style u-hover-palette-4-base u-palette-3-base u-btn-2\" data-animation-name=\"zoomIn\" data-animation-duration=\"1000\" data-animation-delay=\"0\" data-animation-direction=\"\">\u0130ncele<\/a>\n        <a href=\"#\" class=\"u-btn u-button-style u-hover-palette-4-base u-palette-3-base u-btn-3\" data-animation-name=\"zoomIn\" data-animation-duration=\"1000\" data-animation-delay=\"0\" data-animation-direction=\"\">\u0130ncele<\/a>\n        <a href=\"#\" class=\"u-btn u-button-style u-hover-palette-4-base u-palette-3-base u-btn-4\" data-animation-name=\"zoomIn\" data-animation-duration=\"1000\" data-animation-delay=\"0\" data-animation-direction=\"\">\u0130ncele<\/a>\n      <\/div>\n    <\/section>\n    \n    \n    \n    \n    \n  \n<\/div>","protected":false},"excerpt":{"rendered":"<p>LAM\u0130SET S\u00dcP\u00dcRGEL\u0130K Sat\u0131n AL Lamiset G\u00fclhane&nbsp; Kal\u0131nl\u0131k Se\u00e7enekleri;-10mm-12mm-14mm-16mm Topkap\u0131 S\u00fcp\u00fcrgelik Kal\u0131nl\u0131k Se\u00e7enekleri;-10mm-12mm-14mm-16mm Nihavent S\u00fcp\u00fcrgelik Kal\u0131nl\u0131k Se\u00e7enekleri;-14mm-16mm Mavera S\u00fcp\u00fcrgelik Kal\u0131nl\u0131k Se\u00e7enekleri;-12mm-14mm \u0130ncele \u0130ncele \u0130ncele \u0130ncele<\/p>\n","protected":false},"author":1,"featured_media":0,"parent":0,"menu_order":10,"comment_status":"closed","ping_status":"closed","template":"","meta":{"footnotes":""},"class_list":["post-417","page","type-page","status-publish","hentry","entry"],"_links":{"self":[{"href":"http:\/\/lamiset.com\/index.php\/wp-json\/wp\/v2\/pages\/417","targetHints":{"allow":["GET"]}}],"collection":[{"href":"http:\/\/lamiset.com\/index.php\/wp-json\/wp\/v2\/pages"}],"about":[{"href":"http:\/\/lamiset.com\/index.php\/wp-json\/wp\/v2\/types\/page"}],"author":[{"embeddable":true,"href":"http:\/\/lamiset.com\/index.php\/wp-json\/wp\/v2\/users\/1"}],"replies":[{"embeddable":true,"href":"http:\/\/lamiset.com\/index.php\/wp-json\/wp\/v2\/comments?post=417"}],"version-history":[{"count":1,"href":"http:\/\/lamiset.com\/index.php\/wp-json\/wp\/v2\/pages\/417\/revisions"}],"predecessor-version":[{"id":453,"href":"http:\/\/lamiset.com\/index.php\/wp-json\/wp\/v2\/pages\/417\/revisions\/453"}],"wp:attachment":[{"href":"http:\/\/lamiset.com\/index.php\/wp-json\/wp\/v2\/media?parent=417"}],"curies":[{"name":"wp","href":"https:\/\/api.w.org\/{rel}","templated":true}]}}