{"id":426,"date":"2021-05-27T14:06:12","date_gmt":"2021-05-27T11:06:12","guid":{"rendered":"http:\/\/lamiset.com\/index.php\/karanfil-2\/"},"modified":"2021-05-27T14:06:25","modified_gmt":"2021-05-27T11:06:25","slug":"karanfil-2","status":"publish","type":"page","link":"http:\/\/lamiset.com\/index.php\/karanfil-2\/","title":{"rendered":"KARANF\u0130L"},"content":{"rendered":"<div class=\"\" style=\"\" >\n  \n    <section class=\"u-carousel u-slide u-valign-middle u-block-ab88-1\" id=\"carousel_e88f\" data-interval=\"5000\" data-u-ride=\"carousel\">\n      <ol class=\"u-absolute-hcenter u-carousel-indicators u-block-ab88-2\">\n        <li data-u-target=\"#carousel_e88f\" data-u-slide-to=\"0\" class=\"u-active u-grey-30\"><\/li>\n      <\/ol>\n      <div class=\"u-carousel-inner\" role=\"listbox\">\n        <div class=\"u-active u-align-center u-carousel-item u-clearfix u-palette-3-dark-3 u-section-1-1\">\n          <div class=\"u-clearfix u-sheet u-sheet-1\">\n            <div class=\"u-clearfix u-layout-wrap u-layout-wrap-1\">\n              <div class=\"u-gutter-0 u-layout\">\n                <div class=\"u-layout-row\">\n                  <div class=\"u-size-26\">\n                    <div class=\"u-layout-col\">\n                      <div class=\"u-container-style u-layout-cell u-left-cell u-size-60 u-layout-cell-1\">\n                        <div class=\"u-container-layout u-valign-top-md u-valign-top-sm u-valign-top-xs u-container-layout-1\">\n                          <img decoding=\"async\" class=\"u-image u-image-1\" src=\"http:\/\/lamiset.com\/wp-content\/uploads\/2021\/05\/karanfilll-1.png\" data-image-width=\"300\" data-image-height=\"1600\">\n                        <\/div>\n                      <\/div>\n                    <\/div>\n                  <\/div>\n                  <div class=\"u-size-34\">\n                    <div class=\"u-layout-row\">\n                      <div class=\"u-container-style u-layout-cell u-right-cell u-size-60 u-layout-cell-2\">\n                        <div class=\"u-container-layout u-container-layout-2\">\n                          <h2 class=\"u-text u-text-custom-color-29 u-text-1\">KARANF\u0130L<\/h2>\n                          <p class=\"u-text u-text-2\">Karanfil, karanfilgiller familyas\u0131n\u0131n Dianthus cinsinden kar\u015f\u0131l\u0131kl\u0131, ensiz, sivri yapraklara sahip otsu \u00e7i\u00e7ekli bitkilerin ortak ad\u0131d\u0131r. Kuzey Afrika ve G\u00fcney Afrika'da birka\u00e7 t\u00fcr ve Kuzey Amerika'n\u0131n kutup b\u00f6lgesinde \"D. repens\" t\u00fcr\u00fc olmak \u00fczere esasen Avrupa ve Asya'ya \u00f6zg\u00fc yerel bitkidir.<\/p>\n                          <img decoding=\"async\" class=\"u-image u-image-2\" src=\"http:\/\/lamiset.com\/wp-content\/uploads\/2021\/05\/karanfilll2-1.png\" data-image-width=\"300\" data-image-height=\"1600\">\n                          <img decoding=\"async\" class=\"u-image u-image-3\" src=\"http:\/\/lamiset.com\/wp-content\/uploads\/2021\/05\/040d1a5e30a229b6fc392957116f390418e8e2ba8e9d20aae11555c74f0d99ad83e3232438cb1c10cdcde8b3c718ef7e8d567de765b997eacd8bda_1280-1.jpg\" data-image-width=\"1280\" data-image-height=\"1092\">\n                          <img decoding=\"async\" class=\"u-border-12 u-border-custom-color-29 u-image u-image-4\" src=\"http:\/\/lamiset.com\/wp-content\/uploads\/2021\/05\/bd25720f5befea414c45d0c7b37dc645ae81a7194d5d6817a3e33bf925ed0f07d63b6d36d2c1ecf8cbcbda6af32545d6da2a147f71c93f017be736_1280-1.jpg\" data-image-width=\"1280\" data-image-height=\"854\">\n                        <\/div>\n                      <\/div>\n                    <\/div>\n                  <\/div>\n                <\/div>\n              <\/div>\n            <\/div>\n            <img decoding=\"async\" class=\"u-image u-image-5\" src=\"http:\/\/lamiset.com\/wp-content\/uploads\/2021\/05\/karanfill3-1.png\" data-image-width=\"300\" data-image-height=\"1600\">\n          <\/div>\n        <\/div>\n      <\/div>\n      <a class=\"u-absolute-vcenter u-carousel-control u-carousel-control-prev u-text-grey-30 u-block-ab88-3\" href=\"#carousel_e88f\" role=\"button\" data-u-slide=\"prev\">\n        <span aria-hidden=\"true\">\n          <svg viewBox=\"0 0 477.175 477.175\"><path d=\"M145.188,238.575l215.5-215.5c5.3-5.3,5.3-13.8,0-19.1s-13.8-5.3-19.1,0l-225.1,225.1c-5.3,5.3-5.3,13.8,0,19.1l225.1,225\n                    c2.6,2.6,6.1,4,9.5,4s6.9-1.3,9.5-4c5.3-5.3,5.3-13.8,0-19.1L145.188,238.575z\"><\/path><\/svg>\n        <\/span>\n        <span class=\"sr-only\">Previous<\/span>\n      <\/a>\n      <a class=\"u-absolute-vcenter u-carousel-control u-carousel-control-next u-text-grey-30 u-block-ab88-4\" href=\"#carousel_e88f\" role=\"button\" data-u-slide=\"next\">\n        <span aria-hidden=\"true\">\n          <svg viewBox=\"0 0 477.175 477.175\"><path d=\"M360.731,229.075l-225.1-225.1c-5.3-5.3-13.8-5.3-19.1,0s-5.3,13.8,0,19.1l215.5,215.5l-215.5,215.5\n                    c-5.3,5.3-5.3,13.8,0,19.1c2.6,2.6,6.1,4,9.5,4c3.4,0,6.9-1.3,9.5-4l225.1-225.1C365.931,242.875,365.931,234.275,360.731,229.075z\"><\/path><\/svg>\n        <\/span>\n        <span class=\"sr-only\">Next<\/span>\n      <\/a>\n    <\/section>\n    \n    \n    \n    \n    \n  \n<\/div>","protected":false},"excerpt":{"rendered":"<p>KARANF\u0130L Karanfil, karanfilgiller familyas\u0131n\u0131n Dianthus cinsinden kar\u015f\u0131l\u0131kl\u0131, ensiz, sivri yapraklara sahip otsu \u00e7i\u00e7ekli bitkilerin ortak ad\u0131d\u0131r. Kuzey Afrika ve G\u00fcney Afrika&#8217;da birka\u00e7 t\u00fcr ve Kuzey Amerika&#8217;n\u0131n kutup b\u00f6lgesinde &#8220;D. repens&#8221; t\u00fcr\u00fc olmak \u00fczere esasen Avrupa ve Asya&#8217;ya \u00f6zg\u00fc yerel bitkidir. Previous Next<\/p>\n","protected":false},"author":1,"featured_media":0,"parent":0,"menu_order":19,"comment_status":"closed","ping_status":"closed","template":"","meta":{"footnotes":""},"class_list":["post-426","page","type-page","status-publish","hentry","entry"],"_links":{"self":[{"href":"http:\/\/lamiset.com\/index.php\/wp-json\/wp\/v2\/pages\/426","targetHints":{"allow":["GET"]}}],"collection":[{"href":"http:\/\/lamiset.com\/index.php\/wp-json\/wp\/v2\/pages"}],"about":[{"href":"http:\/\/lamiset.com\/index.php\/wp-json\/wp\/v2\/types\/page"}],"author":[{"embeddable":true,"href":"http:\/\/lamiset.com\/index.php\/wp-json\/wp\/v2\/users\/1"}],"replies":[{"embeddable":true,"href":"http:\/\/lamiset.com\/index.php\/wp-json\/wp\/v2\/comments?post=426"}],"version-history":[{"count":1,"href":"http:\/\/lamiset.com\/index.php\/wp-json\/wp\/v2\/pages\/426\/revisions"}],"predecessor-version":[{"id":462,"href":"http:\/\/lamiset.com\/index.php\/wp-json\/wp\/v2\/pages\/426\/revisions\/462"}],"wp:attachment":[{"href":"http:\/\/lamiset.com\/index.php\/wp-json\/wp\/v2\/media?parent=426"}],"curies":[{"name":"wp","href":"https:\/\/api.w.org\/{rel}","templated":true}]}}