{"id":427,"date":"2021-05-27T14:06:13","date_gmt":"2021-05-27T11:06:13","guid":{"rendered":"http:\/\/lamiset.com\/index.php\/fuga-2\/"},"modified":"2021-05-27T14:06:25","modified_gmt":"2021-05-27T11:06:25","slug":"fuga-2","status":"publish","type":"page","link":"http:\/\/lamiset.com\/index.php\/fuga-2\/","title":{"rendered":"FUGA"},"content":{"rendered":"<div class=\"\" style=\"\" >\n  \n    <section class=\"u-align-center u-clearfix u-image u-shading u-section-1\" id=\"carousel_ab3f\" data-image-width=\"1980\" data-image-height=\"924\">\n      <div class=\"u-clearfix u-sheet u-sheet-1\">\n        <p class=\"u-text u-text-custom-color-1 u-text-1\" data-animation-name=\"flipIn\" data-animation-duration=\"1000\" data-animation-delay=\"0\" data-animation-direction=\"X\"><b>FUGA<\/b>&nbsp;SER\u0130S\u0130 <br>\n        <\/p>\n        <p class=\"u-align-left u-text u-text-2\" data-animation-name=\"rollIn\" data-animation-duration=\"1000\" data-animation-delay=\"0\" data-animation-direction=\"\">\n          <span style=\"font-weight: 700;\">&nbsp;\u00d6zellikler;<\/span>\n          <br>\n          <span class=\"u-text-body-alt-color\">- KALINLIK: 8mm<br>-Y\u00dcZEY: AC4\/(32)<br>-DERZL\u0130\n          <\/span>\n        <\/p>\n        <p class=\"u-align-center u-text u-text-body-alt-color u-text-3\" data-animation-name=\"flipIn\" data-animation-duration=\"1000\" data-animation-delay=\"0\" data-animation-direction=\"X\">\n          <span class=\"u-text-custom-color-3\">Fuga serisi;<\/span>\n          <br>Elit mekanlar\u0131n tercihi...\n        <\/p>\n        <div class=\"u-clearfix u-gutter-26 u-layout-wrap u-layout-wrap-1\">\n          <div class=\"u-gutter-0 u-layout\">\n            <div class=\"u-layout-col\">\n              <div class=\"u-size-30\">\n                <div class=\"u-layout-row\">\n                  <div class=\"u-align-left u-container-style u-image u-layout-cell u-shading u-size-30 u-image-1\" data-image-width=\"150\" data-image-height=\"99\">\n                    <div class=\"u-container-layout u-container-layout-1\">\n                      <h4 class=\"u-align-center u-text u-text-body-alt-color u-text-4\">\n                        <a class=\"u-active-none u-border-none u-btn u-button-link u-button-style u-hover-none u-none u-text-body-alt-color u-text-hover-custom-color-1 u-btn-1\" href=\"http:\/\/lamiset.com\/index.php\/anemon-fuga-2\/\">A<br>n<br>e<br>m<br>o<br>n<br>&nbsp;<br>F<br>u<br>g<br>a<br>\n                        <\/a>\n                      <\/h4>\n                      <img decoding=\"async\" src=\"http:\/\/lamiset.com\/wp-content\/uploads\/2021\/05\/5-1.png\" alt=\"\" class=\"u-image u-image-default u-image-2\" data-image-width=\"959\" data-image-height=\"6142\">\n                    <\/div>\n                  <\/div>\n                  <div class=\"u-align-left u-container-style u-image u-layout-cell u-shading u-size-30 u-image-3\" data-image-width=\"1280\" data-image-height=\"853\">\n                    <div class=\"u-container-layout u-container-layout-2\">\n                      <h4 class=\"u-align-center u-text u-text-body-alt-color u-text-5\">\n                        <a class=\"u-active-none u-border-none u-btn u-button-link u-button-style u-hover-none u-none u-text-body-alt-color u-text-hover-custom-color-1 u-btn-2\" href=\"http:\/\/lamiset.com\/index.php\/zerdecal-2\/\">Z<br>E<br>R<br>D<br>E<br>\u00c7<br>A<br>L<br>\n                        <\/a>\n                      <\/h4>\n                      <img decoding=\"async\" src=\"http:\/\/lamiset.com\/wp-content\/uploads\/2021\/05\/19-1.png\" alt=\"\" class=\"u-image u-image-default u-image-4\" data-image-width=\"959\" data-image-height=\"6142\">\n                    <\/div>\n                  <\/div>\n                <\/div>\n              <\/div>\n              <div class=\"u-size-30\">\n                <div class=\"u-layout-row\">\n                  <div class=\"u-align-left u-container-style u-image u-layout-cell u-shading u-size-30 u-image-5\" data-image-width=\"960\" data-image-height=\"1280\">\n                    <div class=\"u-container-layout u-container-layout-3\">\n                      <h4 class=\"u-align-center u-text u-text-body-alt-color u-text-6\">\n                        <a class=\"u-active-none u-border-none u-btn u-button-link u-button-style u-hover-none u-none u-text-hover-custom-color-1 u-text-white u-btn-3\" href=\"http:\/\/lamiset.com\/index.php\/karanfil-2\/\">k<br>a<br>r<br>a<br>n<br>f<br>\u0130<br>l\n                        <\/a>\n                      <\/h4>\n                      <img decoding=\"async\" src=\"http:\/\/lamiset.com\/wp-content\/uploads\/2021\/05\/karanfil1-1.png\" alt=\"\" class=\"u-image u-image-default u-image-6\" data-image-width=\"300\" data-image-height=\"1600\">\n                    <\/div>\n                  <\/div>\n                  <div class=\"u-align-left u-container-style u-image u-layout-cell u-shading u-size-30 u-image-7\" data-image-width=\"1280\" data-image-height=\"855\">\n                    <div class=\"u-container-layout u-container-layout-4\">\n                      <img decoding=\"async\" src=\"http:\/\/lamiset.com\/wp-content\/uploads\/2021\/05\/110-1.png\" alt=\"\" class=\"u-image u-image-default u-image-8\" data-image-width=\"959\" data-image-height=\"6142\">\n                      <h4 class=\"u-align-center u-text u-text-body-alt-color u-text-7\">\n                        <a class=\"u-active-none u-border-none u-btn u-button-link u-button-style u-hover-none u-none u-text-body-alt-color u-text-hover-custom-color-1 u-btn-4\" href=\"http:\/\/lamiset.com\/index.php\/safran-2\/\">S<br>A<br>F<br>R<br>A<br>N\n                        <\/a>\n                      <\/h4>\n                    <\/div>\n                  <\/div>\n                <\/div>\n              <\/div>\n            <\/div>\n          <\/div>\n        <\/div>\n      <\/div>\n    <\/section>\n    \n    \n    \n    \n    \n  \n<\/div>","protected":false},"excerpt":{"rendered":"<p>FUGA&nbsp;SER\u0130S\u0130 &nbsp;\u00d6zellikler; &#8211; KALINLIK: 8mm-Y\u00dcZEY: AC4\/(32)-DERZL\u0130 Fuga serisi; Elit mekanlar\u0131n tercihi&#8230; Anemon&nbsp;Fuga ZERDE\u00c7AL karanf\u0130l SAFRAN<\/p>\n","protected":false},"author":1,"featured_media":0,"parent":0,"menu_order":20,"comment_status":"closed","ping_status":"closed","template":"","meta":{"footnotes":""},"class_list":["post-427","page","type-page","status-publish","hentry","entry"],"_links":{"self":[{"href":"http:\/\/lamiset.com\/index.php\/wp-json\/wp\/v2\/pages\/427","targetHints":{"allow":["GET"]}}],"collection":[{"href":"http:\/\/lamiset.com\/index.php\/wp-json\/wp\/v2\/pages"}],"about":[{"href":"http:\/\/lamiset.com\/index.php\/wp-json\/wp\/v2\/types\/page"}],"author":[{"embeddable":true,"href":"http:\/\/lamiset.com\/index.php\/wp-json\/wp\/v2\/users\/1"}],"replies":[{"embeddable":true,"href":"http:\/\/lamiset.com\/index.php\/wp-json\/wp\/v2\/comments?post=427"}],"version-history":[{"count":1,"href":"http:\/\/lamiset.com\/index.php\/wp-json\/wp\/v2\/pages\/427\/revisions"}],"predecessor-version":[{"id":463,"href":"http:\/\/lamiset.com\/index.php\/wp-json\/wp\/v2\/pages\/427\/revisions\/463"}],"wp:attachment":[{"href":"http:\/\/lamiset.com\/index.php\/wp-json\/wp\/v2\/media?parent=427"}],"curies":[{"name":"wp","href":"https:\/\/api.w.org\/{rel}","templated":true}]}}