{"id":429,"date":"2021-05-27T14:06:15","date_gmt":"2021-05-27T11:06:15","guid":{"rendered":"http:\/\/lamiset.com\/index.php\/sumbul-2\/"},"modified":"2021-05-27T14:06:25","modified_gmt":"2021-05-27T11:06:25","slug":"sumbul-2","status":"publish","type":"page","link":"http:\/\/lamiset.com\/index.php\/sumbul-2\/","title":{"rendered":"S\u00dcMB\u00dcL"},"content":{"rendered":"<div class=\"\" style=\"\" >\n  \n    <section class=\"u-carousel u-slide u-valign-middle u-block-3b5d-1\" id=\"carousel_e88f\" data-interval=\"5000\" data-u-ride=\"carousel\">\n      <ol class=\"u-absolute-hcenter u-carousel-indicators u-block-3b5d-2\">\n        <li data-u-target=\"#carousel_e88f\" data-u-slide-to=\"0\" class=\"u-active u-grey-30\"><\/li>\n      <\/ol>\n      <div class=\"u-carousel-inner\" role=\"listbox\">\n        <div class=\"u-active u-align-center u-carousel-item u-clearfix u-palette-3-dark-3 u-section-1-1\">\n          <div class=\"u-clearfix u-layout-wrap u-layout-wrap-1\">\n            <div class=\"u-gutter-0 u-layout\">\n              <div class=\"u-layout-row\">\n                <div class=\"u-size-26\">\n                  <div class=\"u-layout-col\">\n                    <div class=\"u-container-style u-layout-cell u-left-cell u-size-60 u-layout-cell-1\">\n                      <div class=\"u-container-layout u-valign-top-md u-valign-top-sm u-valign-top-xs u-container-layout-1\">\n                        <img decoding=\"async\" class=\"u-image u-image-1\" src=\"http:\/\/lamiset.com\/wp-content\/uploads\/2021\/05\/2-1.png\" data-image-width=\"300\" data-image-height=\"1600\">\n                      <\/div>\n                    <\/div>\n                  <\/div>\n                <\/div>\n                <div class=\"u-size-34\">\n                  <div class=\"u-layout-row\">\n                    <div class=\"u-container-style u-layout-cell u-right-cell u-size-60 u-layout-cell-2\">\n                      <div class=\"u-container-layout u-container-layout-2\">\n                        <h2 class=\"u-text u-text-custom-color-18 u-text-1\">S\u00dcMB\u00dcL<\/h2>\n                        <p class=\"u-text u-text-2\">S\u00fcmb\u00fcl \u00e7i\u00e7e\u011fi&nbsp;sonsuz sevgi ve ba\u011fl\u0131l\u0131\u011f\u0131 ifade etmektedir. Ki\u015filerin kar\u015f\u0131 tarafa kar\u015f\u0131 olan sevgilerinin b\u00fcy\u00fckl\u00fc\u011f\u00fcn\u00fc ve ya\u015fan\u0131lacak ili\u015fkinin ge\u00e7ici olmayaca\u011f\u0131 anlam\u0131n\u0131 ifade edebilmeleri i\u00e7in kulland\u0131klar\u0131 bir \u00e7i\u00e7ektir.<\/p>\n                        <img decoding=\"async\" class=\"u-image u-image-2\" src=\"http:\/\/lamiset.com\/wp-content\/uploads\/2021\/05\/11-1.png\" data-image-width=\"300\" data-image-height=\"1600\">\n                        <img decoding=\"async\" class=\"u-image u-image-3\" src=\"http:\/\/lamiset.com\/wp-content\/uploads\/2021\/05\/8a4118012a08a51f7589a6d159ed360c372cab1af3bf9c33ba9ed5104cc844b409551f7da4ac633d4d87bf46566de582fc47f4050d2e1cbfe7318d_1280-1.jpg\" data-image-width=\"1280\" data-image-height=\"960\">\n                        <img decoding=\"async\" class=\"u-border-12 u-border-custom-color-18 u-image u-image-4\" src=\"http:\/\/lamiset.com\/wp-content\/uploads\/2021\/05\/e6904b090864c033a0f79ace1b3e29c7b93c4a752e74f7f2eba35b8cde9ef71fa7c6862ba8d966ceb73fe2173b420e3ceb86dc6c97b7bae320af53_1280-1.jpg\" data-image-width=\"1280\" data-image-height=\"853\">\n                      <\/div>\n                    <\/div>\n                  <\/div>\n                <\/div>\n              <\/div>\n            <\/div>\n          <\/div>\n          <img decoding=\"async\" class=\"u-image u-image-5\" src=\"http:\/\/lamiset.com\/wp-content\/uploads\/2021\/05\/11-1.png\" data-image-width=\"300\" data-image-height=\"1600\">\n        <\/div>\n      <\/div>\n      <a class=\"u-absolute-vcenter u-carousel-control u-carousel-control-prev u-text-grey-30 u-block-3b5d-3\" href=\"#carousel_e88f\" role=\"button\" data-u-slide=\"prev\">\n        <span aria-hidden=\"true\">\n          <svg viewBox=\"0 0 477.175 477.175\"><path d=\"M145.188,238.575l215.5-215.5c5.3-5.3,5.3-13.8,0-19.1s-13.8-5.3-19.1,0l-225.1,225.1c-5.3,5.3-5.3,13.8,0,19.1l225.1,225\n                    c2.6,2.6,6.1,4,9.5,4s6.9-1.3,9.5-4c5.3-5.3,5.3-13.8,0-19.1L145.188,238.575z\"><\/path><\/svg>\n        <\/span>\n        <span class=\"sr-only\">Previous<\/span>\n      <\/a>\n      <a class=\"u-absolute-vcenter u-carousel-control u-carousel-control-next u-text-grey-30 u-block-3b5d-4\" href=\"#carousel_e88f\" role=\"button\" data-u-slide=\"next\">\n        <span aria-hidden=\"true\">\n          <svg viewBox=\"0 0 477.175 477.175\"><path d=\"M360.731,229.075l-225.1-225.1c-5.3-5.3-13.8-5.3-19.1,0s-5.3,13.8,0,19.1l215.5,215.5l-215.5,215.5\n                    c-5.3,5.3-5.3,13.8,0,19.1c2.6,2.6,6.1,4,9.5,4c3.4,0,6.9-1.3,9.5-4l225.1-225.1C365.931,242.875,365.931,234.275,360.731,229.075z\"><\/path><\/svg>\n        <\/span>\n        <span class=\"sr-only\">Next<\/span>\n      <\/a>\n    <\/section>\n    \n    \n    \n    \n    \n  \n<\/div>","protected":false},"excerpt":{"rendered":"<p>S\u00dcMB\u00dcL S\u00fcmb\u00fcl \u00e7i\u00e7e\u011fi&nbsp;sonsuz sevgi ve ba\u011fl\u0131l\u0131\u011f\u0131 ifade etmektedir. Ki\u015filerin kar\u015f\u0131 tarafa kar\u015f\u0131 olan sevgilerinin b\u00fcy\u00fckl\u00fc\u011f\u00fcn\u00fc ve ya\u015fan\u0131lacak ili\u015fkinin ge\u00e7ici olmayaca\u011f\u0131 anlam\u0131n\u0131 ifade edebilmeleri i\u00e7in kulland\u0131klar\u0131 bir \u00e7i\u00e7ektir. Previous Next<\/p>\n","protected":false},"author":1,"featured_media":0,"parent":0,"menu_order":22,"comment_status":"closed","ping_status":"closed","template":"","meta":{"footnotes":""},"class_list":["post-429","page","type-page","status-publish","hentry","entry"],"_links":{"self":[{"href":"http:\/\/lamiset.com\/index.php\/wp-json\/wp\/v2\/pages\/429","targetHints":{"allow":["GET"]}}],"collection":[{"href":"http:\/\/lamiset.com\/index.php\/wp-json\/wp\/v2\/pages"}],"about":[{"href":"http:\/\/lamiset.com\/index.php\/wp-json\/wp\/v2\/types\/page"}],"author":[{"embeddable":true,"href":"http:\/\/lamiset.com\/index.php\/wp-json\/wp\/v2\/users\/1"}],"replies":[{"embeddable":true,"href":"http:\/\/lamiset.com\/index.php\/wp-json\/wp\/v2\/comments?post=429"}],"version-history":[{"count":1,"href":"http:\/\/lamiset.com\/index.php\/wp-json\/wp\/v2\/pages\/429\/revisions"}],"predecessor-version":[{"id":465,"href":"http:\/\/lamiset.com\/index.php\/wp-json\/wp\/v2\/pages\/429\/revisions\/465"}],"wp:attachment":[{"href":"http:\/\/lamiset.com\/index.php\/wp-json\/wp\/v2\/media?parent=429"}],"curies":[{"name":"wp","href":"https:\/\/api.w.org\/{rel}","templated":true}]}}