{"id":430,"date":"2021-05-27T14:06:16","date_gmt":"2021-05-27T11:06:16","guid":{"rendered":"http:\/\/lamiset.com\/index.php\/nergis-detayli-2\/"},"modified":"2021-05-27T14:06:25","modified_gmt":"2021-05-27T11:06:25","slug":"nergis-detayli-2","status":"publish","type":"page","link":"http:\/\/lamiset.com\/index.php\/nergis-detayli-2\/","title":{"rendered":"NERG\u0130S DETAYLI"},"content":{"rendered":"<div class=\"\" style=\"\" >\n  \n    <section class=\"u-carousel u-slide u-valign-middle u-block-3665-1\" id=\"carousel_e88f\" data-interval=\"5000\" data-u-ride=\"carousel\">\n      <ol class=\"u-absolute-hcenter u-carousel-indicators u-block-3665-2\">\n        <li data-u-target=\"#carousel_e88f\" data-u-slide-to=\"0\" class=\"u-active u-grey-30\"><\/li>\n      <\/ol>\n      <div class=\"u-carousel-inner\" role=\"listbox\">\n        <div class=\"u-active u-align-center u-carousel-item u-clearfix u-palette-3-dark-3 u-section-1-1\">\n          <div class=\"u-clearfix u-layout-wrap u-layout-wrap-1\">\n            <div class=\"u-gutter-0 u-layout\">\n              <div class=\"u-layout-row\">\n                <div class=\"u-size-26\">\n                  <div class=\"u-layout-col\">\n                    <div class=\"u-container-style u-layout-cell u-left-cell u-size-60 u-layout-cell-1\">\n                      <div class=\"u-container-layout u-valign-top-md u-valign-top-sm u-valign-top-xs u-container-layout-1\">\n                        <img decoding=\"async\" class=\"u-image u-image-1\" src=\"http:\/\/lamiset.com\/wp-content\/uploads\/2021\/05\/BIPImage2021-02-11at17.43.33-1.jpg\" data-image-width=\"255\" data-image-height=\"1600\">\n                      <\/div>\n                    <\/div>\n                  <\/div>\n                <\/div>\n                <div class=\"u-size-34\">\n                  <div class=\"u-layout-row\">\n                    <div class=\"u-container-style u-layout-cell u-right-cell u-size-60 u-layout-cell-2\">\n                      <div class=\"u-container-layout u-container-layout-2\">\n                        <h2 class=\"u-text u-text-palette-3-base u-text-1\">Nerg\u0130s<\/h2>\n                        <p class=\"u-text u-text-2\">Latince dilinde Narcissus olarak isimlendirilmi\u015ftir. Bahar mevsimine girilmesiyle beraber olduk\u00e7a g\u00fczel kokusu ve g\u00f6r\u00fcnt\u00fcs\u00fcyle bahar\u0131n m\u00fcjdesini verir. Sar\u0131 ve beyaz renkleri bulunan nergis \u00e7i\u00e7e\u011fi, so\u011fu\u011fa kar\u015f\u0131 dayan\u0131kl\u0131 bir yap\u0131ya sahiptir. Bu&nbsp;<a class=\"from-service inline-keyword u-active-none u-border-none u-btn u-button-link u-button-style u-hover-none u-none u-text-body-alt-color u-btn-1\" href=\"https:\/\/www.milliyet.com.tr\/haberleri\/cicek\" target=\"_blank\">\u00e7i\u00e7ek<\/a>&nbsp;daha \u00e7ok Akdeniz b\u00f6lgesinde yeti\u015fir.\n                        <\/p>\n                        <img decoding=\"async\" class=\"u-image u-image-2\" src=\"http:\/\/lamiset.com\/wp-content\/uploads\/2021\/05\/BIPImage2021-02-13at00.12.18-1.jpg\" data-image-width=\"255\" data-image-height=\"1600\">\n                        <img decoding=\"async\" class=\"u-image u-image-3\" src=\"http:\/\/lamiset.com\/wp-content\/uploads\/2021\/05\/c4615eb2231e4a4b0bfa0bb27161deb6ec196ee3b644219171a31ceded8a3e1bf922418f4f1e03108978d8f2f80fda9edbed5cb6813d20caf87bc4_1280-1.jpg\" data-image-width=\"1280\" data-image-height=\"853\">\n                        <img decoding=\"async\" class=\"u-border-12 u-border-palette-3-base u-image u-image-4\" src=\"http:\/\/lamiset.com\/wp-content\/uploads\/2021\/05\/60982effeb0badaae409ab03a3bf27f7fa566ad6494c5795038b13a0476a9bc97bd2134bc48fa6c14c2c5b0248db5e70ad7542f61e4d193c499dfa_1280-1.jpg\" data-image-width=\"1280\" data-image-height=\"853\">\n                      <\/div>\n                    <\/div>\n                  <\/div>\n                <\/div>\n              <\/div>\n            <\/div>\n          <\/div>\n          <img decoding=\"async\" class=\"u-image u-image-5\" src=\"http:\/\/lamiset.com\/wp-content\/uploads\/2021\/05\/BIPImage2021-02-13at00.12.18-1.jpg\" data-image-width=\"255\" data-image-height=\"1600\">\n        <\/div>\n      <\/div>\n      <a class=\"u-absolute-vcenter u-carousel-control u-carousel-control-prev u-text-hover-palette-4-base u-text-palette-3-base u-block-3665-3\" href=\"#carousel_e88f\" role=\"button\" data-u-slide=\"prev\">\n        <span aria-hidden=\"true\">\n          <svg viewBox=\"0 0 477.175 477.175\"><path d=\"M145.188,238.575l215.5-215.5c5.3-5.3,5.3-13.8,0-19.1s-13.8-5.3-19.1,0l-225.1,225.1c-5.3,5.3-5.3,13.8,0,19.1l225.1,225\n                    c2.6,2.6,6.1,4,9.5,4s6.9-1.3,9.5-4c5.3-5.3,5.3-13.8,0-19.1L145.188,238.575z\"><\/path><\/svg>\n        <\/span>\n        <span class=\"sr-only\">Previous<\/span>\n      <\/a>\n      <a class=\"u-absolute-vcenter u-carousel-control u-carousel-control-next u-text-hover-palette-4-base u-text-palette-3-base u-block-3665-4\" href=\"#carousel_e88f\" role=\"button\" data-u-slide=\"next\">\n        <span aria-hidden=\"true\">\n          <svg viewBox=\"0 0 477.175 477.175\"><path d=\"M360.731,229.075l-225.1-225.1c-5.3-5.3-13.8-5.3-19.1,0s-5.3,13.8,0,19.1l215.5,215.5l-215.5,215.5\n                    c-5.3,5.3-5.3,13.8,0,19.1c2.6,2.6,6.1,4,9.5,4c3.4,0,6.9-1.3,9.5-4l225.1-225.1C365.931,242.875,365.931,234.275,360.731,229.075z\"><\/path><\/svg>\n        <\/span>\n        <span class=\"sr-only\">Next<\/span>\n      <\/a>\n    <\/section>\n    \n    \n    \n    \n    \n  \n<\/div>","protected":false},"excerpt":{"rendered":"<p>Nerg\u0130s Latince dilinde Narcissus olarak isimlendirilmi\u015ftir. Bahar mevsimine girilmesiyle beraber olduk\u00e7a g\u00fczel kokusu ve g\u00f6r\u00fcnt\u00fcs\u00fcyle bahar\u0131n m\u00fcjdesini verir. Sar\u0131 ve beyaz renkleri bulunan nergis \u00e7i\u00e7e\u011fi, so\u011fu\u011fa kar\u015f\u0131 dayan\u0131kl\u0131 bir yap\u0131ya sahiptir. Bu&nbsp;\u00e7i\u00e7ek&nbsp;daha \u00e7ok Akdeniz b\u00f6lgesinde yeti\u015fir. Previous Next<\/p>\n","protected":false},"author":1,"featured_media":0,"parent":0,"menu_order":23,"comment_status":"closed","ping_status":"closed","template":"","meta":{"footnotes":""},"class_list":["post-430","page","type-page","status-publish","hentry","entry"],"_links":{"self":[{"href":"http:\/\/lamiset.com\/index.php\/wp-json\/wp\/v2\/pages\/430","targetHints":{"allow":["GET"]}}],"collection":[{"href":"http:\/\/lamiset.com\/index.php\/wp-json\/wp\/v2\/pages"}],"about":[{"href":"http:\/\/lamiset.com\/index.php\/wp-json\/wp\/v2\/types\/page"}],"author":[{"embeddable":true,"href":"http:\/\/lamiset.com\/index.php\/wp-json\/wp\/v2\/users\/1"}],"replies":[{"embeddable":true,"href":"http:\/\/lamiset.com\/index.php\/wp-json\/wp\/v2\/comments?post=430"}],"version-history":[{"count":1,"href":"http:\/\/lamiset.com\/index.php\/wp-json\/wp\/v2\/pages\/430\/revisions"}],"predecessor-version":[{"id":466,"href":"http:\/\/lamiset.com\/index.php\/wp-json\/wp\/v2\/pages\/430\/revisions\/466"}],"wp:attachment":[{"href":"http:\/\/lamiset.com\/index.php\/wp-json\/wp\/v2\/media?parent=430"}],"curies":[{"name":"wp","href":"https:\/\/api.w.org\/{rel}","templated":true}]}}