{"id":431,"date":"2021-05-27T14:06:17","date_gmt":"2021-05-27T11:06:17","guid":{"rendered":"http:\/\/lamiset.com\/index.php\/kapi-esigi-2\/"},"modified":"2021-05-27T14:06:25","modified_gmt":"2021-05-27T11:06:25","slug":"kapi-esigi-2","status":"publish","type":"page","link":"http:\/\/lamiset.com\/index.php\/kapi-esigi-2\/","title":{"rendered":"KAPI E\u015e\u0130\u011e\u0130"},"content":{"rendered":"<div class=\"\" style=\"\" >\n  \n    <section class=\"u-align-right u-clearfix u-image u-shading u-section-1\" id=\"carousel_0eeb\" data-image-width=\"1280\" data-image-height=\"853\">\n      <div class=\"u-clearfix u-sheet u-sheet-1\">\n        <h2 class=\"u-align-left u-text u-text-1\">KAPI E\u015e\u0130\u011e\u0130<\/h2>\n        <a href=\"#\" class=\"u-align-left u-border-2 u-border-white u-link u-no-underline u-text-hover-palette-4-base u-text-palette-3-base u-link-1\">Sat\u0131n AL<\/a>\n        <div class=\"u-expanded-width-lg u-expanded-width-md u-expanded-width-sm u-expanded-width-xs u-list u-repeater u-list-1\">\n          <div class=\"u-align-left u-container-style u-custom-color-15 u-list-item u-repeater-item\">\n            <div class=\"u-container-layout u-similar-container u-container-layout-1\">\n              <img decoding=\"async\" src=\"http:\/\/lamiset.com\/wp-content\/uploads\/2021\/05\/ajpg-1.jpeg\" alt=\"\" class=\"u-image u-image-default u-image-1\" data-image-width=\"622\" data-image-height=\"311\" data-animation-name=\"fadeIn\" data-animation-duration=\"1000\" data-animation-delay=\"0\" data-animation-direction=\"\">\n              <h5 class=\"u-text u-text-2\">Lamiset Ge\u00e7i\u015f Profili<\/h5>\n              <p class=\"u-text u-text-3\">1108<\/p>\n            <\/div>\n          <\/div>\n          <div class=\"u-align-left u-container-style u-custom-color-15 u-list-item u-repeater-item\">\n            <div class=\"u-container-layout u-similar-container u-container-layout-2\">\n              <img decoding=\"async\" src=\"http:\/\/lamiset.com\/wp-content\/uploads\/2021\/05\/ajpg1-1.jpeg\" alt=\"\" class=\"u-image u-image-default u-image-2\" data-image-width=\"622\" data-image-height=\"311\" data-animation-name=\"fadeIn\" data-animation-duration=\"1000\" data-animation-delay=\"0\" data-animation-direction=\"\">\n              <h5 class=\"u-text u-text-4\">Lamiset Ge\u00e7i\u015f Profili<\/h5>\n              <p class=\"u-text u-text-5\">1101<\/p>\n            <\/div>\n          <\/div>\n          <div class=\"u-align-left u-container-style u-custom-color-15 u-list-item u-repeater-item\">\n            <div class=\"u-container-layout u-similar-container u-container-layout-3\">\n              <img decoding=\"async\" src=\"http:\/\/lamiset.com\/wp-content\/uploads\/2021\/05\/ajpg2-1.jpeg\" alt=\"\" class=\"u-image u-image-default u-image-3\" data-image-width=\"622\" data-image-height=\"311\" data-animation-name=\"fadeIn\" data-animation-duration=\"1000\" data-animation-delay=\"0\" data-animation-direction=\"\">\n              <h5 class=\"u-text u-text-6\">Lamiset Ge\u00e7i\u015f Profili<\/h5>\n              <p class=\"u-text u-text-7\">1106<\/p>\n            <\/div>\n          <\/div>\n          <div class=\"u-align-left u-container-style u-custom-color-15 u-list-item u-repeater-item\">\n            <div class=\"u-container-layout u-similar-container u-container-layout-4\">\n              <img decoding=\"async\" src=\"http:\/\/lamiset.com\/wp-content\/uploads\/2021\/05\/ajpg3-1.jpeg\" alt=\"\" class=\"u-image u-image-default u-image-4\" data-image-width=\"622\" data-image-height=\"311\" data-animation-name=\"fadeIn\" data-animation-duration=\"1000\" data-animation-delay=\"0\" data-animation-direction=\"\">\n              <h5 class=\"u-text u-text-8\">Mavera S\u00fcp\u00fcrgelik<\/h5>\n              <p class=\"u-text u-text-9\">1107<br>\n              <\/p>\n            <\/div>\n          <\/div>\n        <\/div>\n        <a href=\"#\" class=\"u-btn u-button-style u-hover-palette-4-base u-palette-3-base u-btn-1\" data-animation-name=\"zoomIn\" data-animation-duration=\"1000\" data-animation-delay=\"0\" data-animation-direction=\"\">\u0130ncele<\/a>\n        <a href=\"#\" class=\"u-btn u-button-style u-hover-palette-4-base u-palette-3-base u-btn-2\" data-animation-name=\"zoomIn\" data-animation-duration=\"1000\" data-animation-delay=\"0\" data-animation-direction=\"\">\u0130ncele<\/a>\n        <a href=\"#\" class=\"u-btn u-button-style u-hover-palette-4-base u-palette-3-base u-btn-3\" data-animation-name=\"zoomIn\" data-animation-duration=\"1000\" data-animation-delay=\"0\" data-animation-direction=\"\">\u0130ncele<\/a>\n        <a href=\"#\" class=\"u-btn u-button-style u-hover-palette-4-base u-palette-3-base u-btn-4\" data-animation-name=\"zoomIn\" data-animation-duration=\"1000\" data-animation-delay=\"0\" data-animation-direction=\"\">\u0130ncele<\/a>\n      <\/div>\n    <\/section>\n    \n    \n    \n    \n    \n  \n<\/div>","protected":false},"excerpt":{"rendered":"<p>KAPI E\u015e\u0130\u011e\u0130 Sat\u0131n AL Lamiset Ge\u00e7i\u015f Profili 1108 Lamiset Ge\u00e7i\u015f Profili 1101 Lamiset Ge\u00e7i\u015f Profili 1106 Mavera S\u00fcp\u00fcrgelik 1107 \u0130ncele \u0130ncele \u0130ncele \u0130ncele<\/p>\n","protected":false},"author":1,"featured_media":0,"parent":0,"menu_order":24,"comment_status":"closed","ping_status":"closed","template":"","meta":{"footnotes":""},"class_list":["post-431","page","type-page","status-publish","hentry","entry"],"_links":{"self":[{"href":"http:\/\/lamiset.com\/index.php\/wp-json\/wp\/v2\/pages\/431","targetHints":{"allow":["GET"]}}],"collection":[{"href":"http:\/\/lamiset.com\/index.php\/wp-json\/wp\/v2\/pages"}],"about":[{"href":"http:\/\/lamiset.com\/index.php\/wp-json\/wp\/v2\/types\/page"}],"author":[{"embeddable":true,"href":"http:\/\/lamiset.com\/index.php\/wp-json\/wp\/v2\/users\/1"}],"replies":[{"embeddable":true,"href":"http:\/\/lamiset.com\/index.php\/wp-json\/wp\/v2\/comments?post=431"}],"version-history":[{"count":1,"href":"http:\/\/lamiset.com\/index.php\/wp-json\/wp\/v2\/pages\/431\/revisions"}],"predecessor-version":[{"id":467,"href":"http:\/\/lamiset.com\/index.php\/wp-json\/wp\/v2\/pages\/431\/revisions\/467"}],"wp:attachment":[{"href":"http:\/\/lamiset.com\/index.php\/wp-json\/wp\/v2\/media?parent=431"}],"curies":[{"name":"wp","href":"https:\/\/api.w.org\/{rel}","templated":true}]}}