{"id":432,"date":"2021-05-27T14:06:18","date_gmt":"2021-05-27T11:06:18","guid":{"rendered":"http:\/\/lamiset.com\/index.php\/orkde-detay-2\/"},"modified":"2021-05-27T14:06:25","modified_gmt":"2021-05-27T11:06:25","slug":"orkde-detay-2","status":"publish","type":"page","link":"http:\/\/lamiset.com\/index.php\/orkde-detay-2\/","title":{"rendered":"ORKDE DETAY"},"content":{"rendered":"<div class=\"\" style=\"\" >\n  \n    <section class=\"u-carousel u-slide u-valign-middle u-block-a7cf-1\" id=\"carousel_e88f\" data-interval=\"5000\" data-u-ride=\"carousel\">\n      <ol class=\"u-absolute-hcenter u-carousel-indicators u-block-a7cf-2\">\n        <li data-u-target=\"#carousel_e88f\" data-u-slide-to=\"0\" class=\"u-active u-grey-30\"><\/li>\n      <\/ol>\n      <div class=\"u-carousel-inner\" role=\"listbox\">\n        <div class=\"u-active u-align-center u-carousel-item u-clearfix u-palette-3-dark-3 u-section-1-1\">\n          <div class=\"u-clearfix u-layout-wrap u-layout-wrap-1\">\n            <div class=\"u-gutter-0 u-layout\">\n              <div class=\"u-layout-row\">\n                <div class=\"u-size-26\">\n                  <div class=\"u-layout-col\">\n                    <div class=\"u-container-style u-layout-cell u-left-cell u-size-60 u-layout-cell-1\">\n                      <div class=\"u-container-layout u-valign-top-md u-valign-top-sm u-valign-top-xs u-container-layout-1\">\n                        <img decoding=\"async\" class=\"u-image u-image-1\" src=\"http:\/\/lamiset.com\/wp-content\/uploads\/2021\/05\/21-1.png\" data-image-width=\"1200\" data-image-height=\"6142\">\n                      <\/div>\n                    <\/div>\n                  <\/div>\n                <\/div>\n                <div class=\"u-size-34\">\n                  <div class=\"u-layout-row\">\n                    <div class=\"u-container-style u-layout-cell u-right-cell u-size-60 u-layout-cell-2\">\n                      <div class=\"u-container-layout u-container-layout-2\">\n                        <h2 class=\"u-text u-text-custom-color-6 u-text-1\">orkide<\/h2>\n                        <p class=\"u-text u-text-2\">Orkide Salepgiller familyas\u0131na ait destans\u0131 g\u00fczelli\u011fe sahip bir \u00e7i\u00e7ektir. Orkide \u00e7i\u00e7e\u011fi asaletin ve \u00f6zenin simgesidir. Bu tropikal iklim sever \u00e7i\u00e7eklerin k\u00fc\u00e7\u00fck yapraklar\u0131 ve uzun g\u00f6vdeleri vard\u0131r. Orkide \u00e7i\u00e7eklerinin ince uzun g\u00f6vdeleri narin olduklar\u0131 hissini uyand\u0131rsa da fazlas\u0131yla dayan\u0131kl\u0131 uzun \u00f6m\u00fcrl\u00fc bitkilerdir.&nbsp;<\/p>\n                        <img decoding=\"async\" class=\"u-image u-image-2\" src=\"http:\/\/lamiset.com\/wp-content\/uploads\/2021\/05\/6-1.png\" data-image-width=\"1200\" data-image-height=\"6142\">\n                        <img decoding=\"async\" class=\"u-image u-image-3\" src=\"http:\/\/lamiset.com\/wp-content\/uploads\/2021\/05\/e518004daae986556f3f3ea44be5a40876fcbd4b4780107aeb72eaba9c32306549ba7155ea7f617b563e24bde9ab8ae70904a900bc618aed646a5f_1280-1.jpg\" data-image-width=\"1280\" data-image-height=\"1280\">\n                        <img decoding=\"async\" class=\"u-border-12 u-border-custom-color-6 u-image u-image-4\" src=\"http:\/\/lamiset.com\/wp-content\/uploads\/2021\/05\/70fc6061c5ff91247e5c00b513e41be0e056ce3294844013c4e02d9bca63bdf1658ebc268d5b99360d0dd047030df0d6af87ba4f740cf7198845ad_1280-1.jpg\" data-image-width=\"1280\" data-image-height=\"1119\">\n                      <\/div>\n                    <\/div>\n                  <\/div>\n                <\/div>\n              <\/div>\n            <\/div>\n          <\/div>\n          <img decoding=\"async\" class=\"u-image u-image-5\" src=\"http:\/\/lamiset.com\/wp-content\/uploads\/2021\/05\/4-1.png\" data-image-width=\"1200\" data-image-height=\"6142\">\n        <\/div>\n      <\/div>\n      <a class=\"u-absolute-vcenter u-carousel-control u-carousel-control-prev u-text-grey-30 u-block-a7cf-3\" href=\"#carousel_e88f\" role=\"button\" data-u-slide=\"prev\">\n        <span aria-hidden=\"true\">\n          <svg viewBox=\"0 0 477.175 477.175\"><path d=\"M145.188,238.575l215.5-215.5c5.3-5.3,5.3-13.8,0-19.1s-13.8-5.3-19.1,0l-225.1,225.1c-5.3,5.3-5.3,13.8,0,19.1l225.1,225\n                    c2.6,2.6,6.1,4,9.5,4s6.9-1.3,9.5-4c5.3-5.3,5.3-13.8,0-19.1L145.188,238.575z\"><\/path><\/svg>\n        <\/span>\n        <span class=\"sr-only\">Previous<\/span>\n      <\/a>\n      <a class=\"u-absolute-vcenter u-carousel-control u-carousel-control-next u-text-grey-30 u-block-a7cf-4\" href=\"#carousel_e88f\" role=\"button\" data-u-slide=\"next\">\n        <span aria-hidden=\"true\">\n          <svg viewBox=\"0 0 477.175 477.175\"><path d=\"M360.731,229.075l-225.1-225.1c-5.3-5.3-13.8-5.3-19.1,0s-5.3,13.8,0,19.1l215.5,215.5l-215.5,215.5\n                    c-5.3,5.3-5.3,13.8,0,19.1c2.6,2.6,6.1,4,9.5,4c3.4,0,6.9-1.3,9.5-4l225.1-225.1C365.931,242.875,365.931,234.275,360.731,229.075z\"><\/path><\/svg>\n        <\/span>\n        <span class=\"sr-only\">Next<\/span>\n      <\/a>\n    <\/section>\n    \n    \n    \n    \n    \n  \n<\/div>","protected":false},"excerpt":{"rendered":"<p>orkide Orkide Salepgiller familyas\u0131na ait destans\u0131 g\u00fczelli\u011fe sahip bir \u00e7i\u00e7ektir. Orkide \u00e7i\u00e7e\u011fi asaletin ve \u00f6zenin simgesidir. Bu tropikal iklim sever \u00e7i\u00e7eklerin k\u00fc\u00e7\u00fck yapraklar\u0131 ve uzun g\u00f6vdeleri vard\u0131r. Orkide \u00e7i\u00e7eklerinin ince uzun g\u00f6vdeleri narin olduklar\u0131 hissini uyand\u0131rsa da fazlas\u0131yla dayan\u0131kl\u0131 uzun \u00f6m\u00fcrl\u00fc bitkilerdir.&nbsp; Previous Next<\/p>\n","protected":false},"author":1,"featured_media":0,"parent":0,"menu_order":25,"comment_status":"closed","ping_status":"closed","template":"","meta":{"footnotes":""},"class_list":["post-432","page","type-page","status-publish","hentry","entry"],"_links":{"self":[{"href":"http:\/\/lamiset.com\/index.php\/wp-json\/wp\/v2\/pages\/432","targetHints":{"allow":["GET"]}}],"collection":[{"href":"http:\/\/lamiset.com\/index.php\/wp-json\/wp\/v2\/pages"}],"about":[{"href":"http:\/\/lamiset.com\/index.php\/wp-json\/wp\/v2\/types\/page"}],"author":[{"embeddable":true,"href":"http:\/\/lamiset.com\/index.php\/wp-json\/wp\/v2\/users\/1"}],"replies":[{"embeddable":true,"href":"http:\/\/lamiset.com\/index.php\/wp-json\/wp\/v2\/comments?post=432"}],"version-history":[{"count":1,"href":"http:\/\/lamiset.com\/index.php\/wp-json\/wp\/v2\/pages\/432\/revisions"}],"predecessor-version":[{"id":468,"href":"http:\/\/lamiset.com\/index.php\/wp-json\/wp\/v2\/pages\/432\/revisions\/468"}],"wp:attachment":[{"href":"http:\/\/lamiset.com\/index.php\/wp-json\/wp\/v2\/media?parent=432"}],"curies":[{"name":"wp","href":"https:\/\/api.w.org\/{rel}","templated":true}]}}