{"id":435,"date":"2021-05-27T14:06:21","date_gmt":"2021-05-27T11:06:21","guid":{"rendered":"http:\/\/lamiset.com\/index.php\/sumela-2\/"},"modified":"2021-05-27T14:06:26","modified_gmt":"2021-05-27T11:06:26","slug":"sumela-2","status":"publish","type":"page","link":"http:\/\/lamiset.com\/index.php\/sumela-2\/","title":{"rendered":"S\u00dcMELA"},"content":{"rendered":"<div class=\"\" style=\"\" >\n  \n    <section class=\"u-carousel u-slide u-valign-middle u-block-4276-1\" id=\"carousel_e88f\" data-interval=\"5000\" data-u-ride=\"carousel\">\n      <ol class=\"u-absolute-hcenter u-carousel-indicators u-block-4276-2\">\n        <li data-u-target=\"#carousel_e88f\" data-u-slide-to=\"0\" class=\"u-active u-grey-30\"><\/li>\n      <\/ol>\n      <div class=\"u-carousel-inner\" role=\"listbox\">\n        <div class=\"u-active u-align-center u-carousel-item u-clearfix u-palette-3-dark-3 u-section-1-1\">\n          <div class=\"u-clearfix u-layout-wrap u-layout-wrap-1\">\n            <div class=\"u-gutter-0 u-layout\">\n              <div class=\"u-layout-row\">\n                <div class=\"u-size-26\">\n                  <div class=\"u-layout-col\">\n                    <div class=\"u-container-style u-layout-cell u-left-cell u-size-60 u-layout-cell-1\">\n                      <div class=\"u-container-layout u-valign-top-md u-valign-top-sm u-valign-top-xs u-container-layout-1\">\n                        <img decoding=\"async\" class=\"u-image u-image-1\" src=\"http:\/\/lamiset.com\/wp-content\/uploads\/2021\/05\/SMELA2-1.png\" data-image-width=\"1775\" data-image-height=\"21260\">\n                      <\/div>\n                    <\/div>\n                  <\/div>\n                <\/div>\n                <div class=\"u-size-34\">\n                  <div class=\"u-layout-row\">\n                    <div class=\"u-container-style u-layout-cell u-right-cell u-size-60 u-layout-cell-2\">\n                      <div class=\"u-container-layout u-container-layout-2\">\n                        <h2 class=\"u-text u-text-custom-color-16 u-text-1\">s\u00dcMELA <\/h2>\n                        <p class=\"u-text u-text-2\">Chamaedorea elegans, neanBella avu\u00e7 i\u00e7i veya sa\u011f\u0131mhane avu\u00e7 i\u00e7i, G\u00fcney Meksika ve Guatemala'daki ya\u011fmur ormanlar\u0131na \u00f6zg\u00fc k\u00fc\u00e7\u00fck bir palmiye a\u011fac\u0131 t\u00fcr\u00fcd\u00fcr. Sa\u011f\u0131mhane avu\u00e7 i\u00e7i, d\u00fcnyadaki en \u00e7ok sat\u0131lan houseplant avu\u00e7 i\u00e7i biridir. Xate olarak hasat edilen yapraklar\u0131 olan birka\u00e7 t\u00fcrden biridir.&nbsp;<\/p>\n                        <img decoding=\"async\" class=\"u-image u-image-2\" src=\"http:\/\/lamiset.com\/wp-content\/uploads\/2021\/05\/SMELA3-1.png\" data-image-width=\"134\" data-image-height=\"1600\">\n                        <img decoding=\"async\" class=\"u-image u-image-3\" src=\"http:\/\/lamiset.com\/wp-content\/uploads\/2021\/05\/464e251462d634bdd60bce780a8e45c09200a93b331b6a9b2844c13934173d0c43eb1b73725da64a4e26f475ee776b2bf0dbbf847e4c90ae6182c8_1280-1.jpg\" data-image-width=\"1280\" data-image-height=\"853\">\n                        <img decoding=\"async\" class=\"u-border-12 u-border-custom-color-7 u-image u-image-4\" src=\"http:\/\/lamiset.com\/wp-content\/uploads\/2021\/05\/96df67c51437eeafb708f71fb154f5bc26a95e0cc83b1fbd75380c15ec2194fd7ae3f1f85f29149296e71bb7f3d3bd87f2dd88f860500438d68610_1280-1.jpg\" data-image-width=\"1280\" data-image-height=\"853\">\n                      <\/div>\n                    <\/div>\n                  <\/div>\n                <\/div>\n              <\/div>\n            <\/div>\n          <\/div>\n          <img decoding=\"async\" class=\"u-image u-image-5\" src=\"http:\/\/lamiset.com\/wp-content\/uploads\/2021\/05\/SMELA11-1.png\" data-image-width=\"134\" data-image-height=\"1600\">\n        <\/div>\n      <\/div>\n      <a class=\"u-absolute-vcenter u-carousel-control u-carousel-control-prev u-text-grey-30 u-block-4276-3\" href=\"#carousel_e88f\" role=\"button\" data-u-slide=\"prev\">\n        <span aria-hidden=\"true\">\n          <svg viewBox=\"0 0 477.175 477.175\"><path d=\"M145.188,238.575l215.5-215.5c5.3-5.3,5.3-13.8,0-19.1s-13.8-5.3-19.1,0l-225.1,225.1c-5.3,5.3-5.3,13.8,0,19.1l225.1,225\n                    c2.6,2.6,6.1,4,9.5,4s6.9-1.3,9.5-4c5.3-5.3,5.3-13.8,0-19.1L145.188,238.575z\"><\/path><\/svg>\n        <\/span>\n        <span class=\"sr-only\">Previous<\/span>\n      <\/a>\n      <a class=\"u-absolute-vcenter u-carousel-control u-carousel-control-next u-text-grey-30 u-block-4276-4\" href=\"#carousel_e88f\" role=\"button\" data-u-slide=\"next\">\n        <span aria-hidden=\"true\">\n          <svg viewBox=\"0 0 477.175 477.175\"><path d=\"M360.731,229.075l-225.1-225.1c-5.3-5.3-13.8-5.3-19.1,0s-5.3,13.8,0,19.1l215.5,215.5l-215.5,215.5\n                    c-5.3,5.3-5.3,13.8,0,19.1c2.6,2.6,6.1,4,9.5,4c3.4,0,6.9-1.3,9.5-4l225.1-225.1C365.931,242.875,365.931,234.275,360.731,229.075z\"><\/path><\/svg>\n        <\/span>\n        <span class=\"sr-only\">Next<\/span>\n      <\/a>\n    <\/section>\n    \n    \n    \n    \n    \n  \n<\/div>","protected":false},"excerpt":{"rendered":"<p>s\u00dcMELA Chamaedorea elegans, neanBella avu\u00e7 i\u00e7i veya sa\u011f\u0131mhane avu\u00e7 i\u00e7i, G\u00fcney Meksika ve Guatemala&#8217;daki ya\u011fmur ormanlar\u0131na \u00f6zg\u00fc k\u00fc\u00e7\u00fck bir palmiye a\u011fac\u0131 t\u00fcr\u00fcd\u00fcr. Sa\u011f\u0131mhane avu\u00e7 i\u00e7i, d\u00fcnyadaki en \u00e7ok sat\u0131lan houseplant avu\u00e7 i\u00e7i biridir. Xate olarak hasat edilen yapraklar\u0131 olan birka\u00e7 t\u00fcrden biridir.&nbsp; Previous Next<\/p>\n","protected":false},"author":1,"featured_media":0,"parent":0,"menu_order":28,"comment_status":"closed","ping_status":"closed","template":"","meta":{"footnotes":""},"class_list":["post-435","page","type-page","status-publish","hentry","entry"],"_links":{"self":[{"href":"http:\/\/lamiset.com\/index.php\/wp-json\/wp\/v2\/pages\/435","targetHints":{"allow":["GET"]}}],"collection":[{"href":"http:\/\/lamiset.com\/index.php\/wp-json\/wp\/v2\/pages"}],"about":[{"href":"http:\/\/lamiset.com\/index.php\/wp-json\/wp\/v2\/types\/page"}],"author":[{"embeddable":true,"href":"http:\/\/lamiset.com\/index.php\/wp-json\/wp\/v2\/users\/1"}],"replies":[{"embeddable":true,"href":"http:\/\/lamiset.com\/index.php\/wp-json\/wp\/v2\/comments?post=435"}],"version-history":[{"count":1,"href":"http:\/\/lamiset.com\/index.php\/wp-json\/wp\/v2\/pages\/435\/revisions"}],"predecessor-version":[{"id":471,"href":"http:\/\/lamiset.com\/index.php\/wp-json\/wp\/v2\/pages\/435\/revisions\/471"}],"wp:attachment":[{"href":"http:\/\/lamiset.com\/index.php\/wp-json\/wp\/v2\/media?parent=435"}],"curies":[{"name":"wp","href":"https:\/\/api.w.org\/{rel}","templated":true}]}}