{"id":437,"date":"2021-05-27T14:06:23","date_gmt":"2021-05-27T11:06:23","guid":{"rendered":"http:\/\/lamiset.com\/index.php\/parke-alti-yalitim-malzemeleri-2\/"},"modified":"2021-05-27T14:06:26","modified_gmt":"2021-05-27T11:06:26","slug":"parke-alti-yalitim-malzemeleri-2","status":"publish","type":"page","link":"http:\/\/lamiset.com\/index.php\/parke-alti-yalitim-malzemeleri-2\/","title":{"rendered":"Parke Alt\u0131 Yal\u0131t\u0131m Malzemeleri"},"content":{"rendered":"<div class=\"\" style=\"\" >\n  \n    <section class=\"u-align-right u-clearfix u-image u-shading u-section-1\" id=\"carousel_0eeb\" data-image-width=\"1280\" data-image-height=\"853\">\n      <div class=\"u-clearfix u-sheet u-sheet-1\">\n        <h2 class=\"u-align-left u-text u-text-1\">Parke Alt\u0131 Yal\u0131t\u0131m Malzemeler\u0130<\/h2>\n        <a href=\"https:\/\/www.ebilok.com\/zemin-malzemeleri\" class=\"u-align-left u-border-2 u-border-white u-link u-no-underline u-text-hover-palette-4-base u-text-palette-3-base u-link-1\">Sat\u0131n AL<\/a>\n        <div class=\"u-expanded-width u-list u-repeater u-list-1\">\n          <div class=\"u-align-left u-container-style u-custom-color-15 u-list-item u-repeater-item\">\n            <div class=\"u-container-layout u-similar-container u-container-layout-1\">\n              <img decoding=\"async\" src=\"http:\/\/lamiset.com\/wp-content\/uploads\/2021\/05\/floorlayer-capraz-bagli-parke-alti-yalitim-siltesi-233-17-O-1.jpg\" alt=\"\" class=\"u-image u-image-default u-image-1\" data-image-width=\"400\" data-image-height=\"400\" data-animation-name=\"fadeIn\" data-animation-duration=\"1000\" data-animation-delay=\"0\" data-animation-direction=\"\">\n              <h5 class=\"u-text u-text-2\">FloorLayer&nbsp;<br>\n              <\/h5>\n              <p class=\"u-text u-text-3\">Kal\u0131nl\u0131k Se\u00e7enekleri;<br>-2mm<br>-3mm<br>-5mm\n              <\/p>\n            <\/div>\n          <\/div>\n          <div class=\"u-align-left u-container-style u-custom-color-15 u-list-item u-repeater-item\">\n            <div class=\"u-container-layout u-similar-container u-container-layout-2\">\n              <img decoding=\"async\" src=\"http:\/\/lamiset.com\/wp-content\/uploads\/2021\/05\/lamiset-parke-alti-standart-silte-347-25-O-1.jpg\" alt=\"\" class=\"u-image u-image-default u-image-2\" data-image-width=\"400\" data-image-height=\"393\" data-animation-name=\"fadeIn\" data-animation-duration=\"1000\" data-animation-delay=\"0\" data-animation-direction=\"\">\n              <h5 class=\"u-text u-text-4\">\u015eilte<\/h5>\n              <p class=\"u-text u-text-5\">Kal\u0131nl\u0131k Se\u00e7enekleri;<br>-Standart<br>-3mm&nbsp;<br>-5mm\n              <\/p>\n            <\/div>\n          <\/div>\n          <div class=\"u-align-left u-container-style u-custom-color-15 u-list-item u-repeater-item\">\n            <div class=\"u-container-layout u-similar-container u-container-layout-3\">\n              <img decoding=\"async\" src=\"http:\/\/lamiset.com\/wp-content\/uploads\/2021\/05\/aluminyum-folyolu-2-mm-silte_26.07.2020_922aee1-1.jpg\" alt=\"\" class=\"u-image u-image-default u-image-3\" data-image-width=\"570\" data-image-height=\"428\" data-animation-name=\"fadeIn\" data-animation-duration=\"1000\" data-animation-delay=\"0\" data-animation-direction=\"\">\n              <h5 class=\"u-text u-text-6\">Metalize \u015eilte<\/h5>\n              <p class=\"u-text u-text-7\">Kal\u0131nl\u0131k Se\u00e7enekleri;<br>-1,5mm<br>-3mm<br>-5mm<br>\n              <\/p>\n            <\/div>\n          <\/div>\n          <div class=\"u-align-left u-container-style u-custom-color-15 u-list-item u-repeater-item\">\n            <div class=\"u-container-layout u-similar-container u-container-layout-4\">\n              <img decoding=\"async\" src=\"http:\/\/lamiset.com\/wp-content\/uploads\/2021\/05\/5973a575246fdbe01b5af9ab05ef1802-1.jpg\" alt=\"\" class=\"u-image u-image-default u-image-4\" data-image-width=\"3024\" data-image-height=\"4032\" data-animation-name=\"fadeIn\" data-animation-duration=\"1000\" data-animation-delay=\"0\" data-animation-direction=\"\">\n              <h5 class=\"u-text u-text-8\">Kapron<\/h5>\n              <p class=\"u-text u-text-9\">Kal\u0131nl\u0131k Se\u00e7enekleri;<br>-3mm<br>-5mm<br>-10mm\n              <\/p>\n            <\/div>\n          <\/div>\n          <div class=\"u-align-left u-container-style u-custom-color-15 u-list-item u-repeater-item\">\n            <div class=\"u-container-layout u-similar-container u-container-layout-5\">\n              <img decoding=\"async\" src=\"http:\/\/lamiset.com\/wp-content\/uploads\/2021\/05\/Kartonmontaj-1.jpg\" alt=\"\" class=\"u-image u-image-default u-image-5\" data-image-width=\"597\" data-image-height=\"599\" data-animation-name=\"fadeIn\" data-animation-duration=\"1000\" data-animation-delay=\"0\" data-animation-direction=\"\">\n              <h5 class=\"u-text u-text-10\">Karton<\/h5>\n              <p class=\"u-text u-text-11\">Kal\u0131nl\u0131k Se\u00e7ene\u011fi;<br>-2mm\n              <\/p>\n            <\/div>\n          <\/div>\n          <div class=\"u-align-left u-container-style u-custom-color-15 u-list-item u-repeater-item\">\n            <div class=\"u-container-layout u-similar-container u-container-layout-6\">\n              <img decoding=\"async\" src=\"http:\/\/lamiset.com\/wp-content\/uploads\/2021\/05\/3-mm-mantar-silte-1.jpg\" alt=\"\" class=\"u-image u-image-default u-image-6\" data-image-width=\"1155\" data-image-height=\"1169\" data-animation-name=\"fadeIn\" data-animation-duration=\"1000\" data-animation-delay=\"0\" data-animation-direction=\"\">\n              <h5 class=\"u-text u-text-12\">Mantar \u015eilte<\/h5>\n              <p class=\"u-text u-text-13\">Kal\u0131nl\u0131k Se\u00e7ene\u011fi;<br>-Standart\n              <\/p>\n            <\/div>\n          <\/div>\n        <\/div>\n        <a href=\"https:\/\/www.ebilok.com\/aluminyum-silteler\" class=\"u-btn u-button-style u-hover-palette-4-base u-palette-3-base u-btn-1\" data-animation-name=\"zoomIn\" data-animation-duration=\"1000\" data-animation-delay=\"0\" data-animation-direction=\"\">\u0130ncele<\/a>\n        <a href=\"https:\/\/www.ebilok.com\/karton\" class=\"u-btn u-button-style u-hover-palette-4-base u-palette-3-base u-btn-2\" data-animation-name=\"zoomIn\" data-animation-duration=\"1000\" data-animation-delay=\"0\" data-animation-direction=\"\">\u0130ncele<\/a>\n        <a href=\"https:\/\/www.ebilok.com\/mantar\" class=\"u-btn u-button-style u-hover-palette-4-base u-palette-3-base u-btn-3\" data-animation-name=\"zoomIn\" data-animation-duration=\"1000\" data-animation-delay=\"0\" data-animation-direction=\"\">\u0130ncele<\/a>\n        <a href=\"https:\/\/www.ebilok.com\/silteler\" class=\"u-btn u-button-style u-hover-palette-4-base u-palette-3-base u-btn-4\" data-animation-name=\"zoomIn\" data-animation-duration=\"1000\" data-animation-delay=\"0\" data-animation-direction=\"\">\u0130ncele<\/a>\n        <a href=\"https:\/\/www.ebilok.com\/flor-layer\" class=\"u-btn u-button-style u-hover-palette-4-base u-palette-3-base u-btn-5\" data-animation-name=\"zoomIn\" data-animation-duration=\"1000\" data-animation-delay=\"0\" data-animation-direction=\"\">\u0130ncele<\/a>\n        <a href=\"https:\/\/www.ebilok.com\/kapron\" class=\"u-btn u-button-style u-hover-palette-4-base u-palette-3-base u-btn-6\" data-animation-name=\"zoomIn\" data-animation-duration=\"1000\" data-animation-delay=\"0\" data-animation-direction=\"\">\u0130ncele<\/a>\n      <\/div>\n    <\/section>\n    \n    \n    \n    \n    \n  \n<\/div>","protected":false},"excerpt":{"rendered":"<p>Parke Alt\u0131 Yal\u0131t\u0131m Malzemeler\u0130 Sat\u0131n AL FloorLayer&nbsp; Kal\u0131nl\u0131k Se\u00e7enekleri;-2mm-3mm-5mm \u015eilte Kal\u0131nl\u0131k Se\u00e7enekleri;-Standart-3mm&nbsp;-5mm Metalize \u015eilte Kal\u0131nl\u0131k Se\u00e7enekleri;-1,5mm-3mm-5mm Kapron Kal\u0131nl\u0131k Se\u00e7enekleri;-3mm-5mm-10mm Karton Kal\u0131nl\u0131k Se\u00e7ene\u011fi;-2mm Mantar \u015eilte Kal\u0131nl\u0131k Se\u00e7ene\u011fi;-Standart \u0130ncele \u0130ncele \u0130ncele \u0130ncele \u0130ncele \u0130ncele<\/p>\n","protected":false},"author":1,"featured_media":0,"parent":0,"menu_order":30,"comment_status":"closed","ping_status":"closed","template":"","meta":{"footnotes":""},"class_list":["post-437","page","type-page","status-publish","hentry","entry"],"_links":{"self":[{"href":"http:\/\/lamiset.com\/index.php\/wp-json\/wp\/v2\/pages\/437","targetHints":{"allow":["GET"]}}],"collection":[{"href":"http:\/\/lamiset.com\/index.php\/wp-json\/wp\/v2\/pages"}],"about":[{"href":"http:\/\/lamiset.com\/index.php\/wp-json\/wp\/v2\/types\/page"}],"author":[{"embeddable":true,"href":"http:\/\/lamiset.com\/index.php\/wp-json\/wp\/v2\/users\/1"}],"replies":[{"embeddable":true,"href":"http:\/\/lamiset.com\/index.php\/wp-json\/wp\/v2\/comments?post=437"}],"version-history":[{"count":1,"href":"http:\/\/lamiset.com\/index.php\/wp-json\/wp\/v2\/pages\/437\/revisions"}],"predecessor-version":[{"id":473,"href":"http:\/\/lamiset.com\/index.php\/wp-json\/wp\/v2\/pages\/437\/revisions\/473"}],"wp:attachment":[{"href":"http:\/\/lamiset.com\/index.php\/wp-json\/wp\/v2\/media?parent=437"}],"curies":[{"name":"wp","href":"https:\/\/api.w.org\/{rel}","templated":true}]}}